{"id":851,"date":"2021-11-11T15:22:15","date_gmt":"2021-11-11T14:22:15","guid":{"rendered":"http:\/\/zivo.hemhosting.se\/my-profile\/"},"modified":"2022-03-04T14:28:27","modified_gmt":"2022-03-04T13:28:27","slug":"min-profil","status":"publish","type":"page","link":"https:\/\/zivo.se\/en\/min-profil\/","title":{"rendered":"Min profil"},"content":{"rendered":"<div data-elementor-type=\"wp-page\" data-elementor-id=\"851\" class=\"elementor elementor-851\" data-elementor-post-type=\"page\">\n\t\t\t\t\t\t<section class=\"elementor-section elementor-top-section elementor-element elementor-element-16a545a hide-for-logged-out elementor-section-boxed elementor-section-height-default elementor-section-height-default\" data-id=\"16a545a\" data-element_type=\"section\">\n\t\t\t\t\t\t<div class=\"elementor-container elementor-column-gap-default\">\n\t\t\t\t\t<div class=\"elementor-column elementor-col-50 elementor-top-column elementor-element elementor-element-00711d9\" data-id=\"00711d9\" data-element_type=\"column\">\n\t\t\t<div class=\"elementor-widget-wrap elementor-element-populated\">\n\t\t\t\t\t\t<div class=\"elementor-element elementor-element-37d957b elementor-widget elementor-widget-heading\" data-id=\"37d957b\" data-element_type=\"widget\" data-widget_type=\"heading.default\">\n\t\t\t\t<div class=\"elementor-widget-container\">\n\t\t\t\t\t<h3 class=\"elementor-heading-title elementor-size-default\">V\u00e4lkommen ! &nbsp;<\/h3>\t\t\t\t<\/div>\n\t\t\t\t<\/div>\n\t\t\t\t<div class=\"elementor-element elementor-element-1e5064f elementor-widget elementor-widget-text-editor\" data-id=\"1e5064f\" data-element_type=\"widget\" data-widget_type=\"text-editor.default\">\n\t\t\t\t<div class=\"elementor-widget-container\">\n\t\t\t\t\t\t\t\t\t<p>Here, we have gathered information regarding your workouts, personal records, the amount of PT-hours bought and the remaining PT-hours left to use. You can also contact us with questions through our chat.<\/p><p>Lycka till med tr\u00e4ningen! <img decoding=\"async\" class=\"emoji\" role=\"img\" draggable=\"false\" src=\"https:\/\/s.w.org\/images\/core\/emoji\/13.1.0\/svg\/1f60a.svg\" alt=\"\ud83d\ude0a\" \/>\u00a0<\/p>\t\t\t\t\t\t\t\t<\/div>\n\t\t\t\t<\/div>\n\t\t\t\t\t<\/div>\n\t\t<\/div>\n\t\t\t\t<div class=\"elementor-column elementor-col-50 elementor-top-column elementor-element elementor-element-8c8e86e\" data-id=\"8c8e86e\" data-element_type=\"column\">\n\t\t\t<div class=\"elementor-widget-wrap elementor-element-populated\">\n\t\t\t\t\t\t<div class=\"elementor-element elementor-element-ff706d1 elementor-align-right elementor-widget__width-auto elementor-widget elementor-widget-button\" data-id=\"ff706d1\" data-element_type=\"widget\" data-widget_type=\"button.default\">\n\t\t\t\t<div class=\"elementor-widget-container\">\n\t\t\t\t\t\t\t\t\t<div class=\"elementor-button-wrapper\">\n\t\t\t\t\t<a class=\"elementor-button elementor-button-link elementor-size-sm\" href=\"#konto\">\n\t\t\t\t\t\t<span class=\"elementor-button-content-wrapper\">\n\t\t\t\t\t\t\t\t\t<span class=\"elementor-button-text\">Account details<\/span>\n\t\t\t\t\t<\/span>\n\t\t\t\t\t<\/a>\n\t\t\t\t<\/div>\n\t\t\t\t\t\t\t\t<\/div>\n\t\t\t\t<\/div>\n\t\t\t\t\t<\/div>\n\t\t<\/div>\n\t\t\t\t\t<\/div>\n\t\t<\/section>\n\t\t\t\t<section class=\"elementor-section elementor-top-section elementor-element elementor-element-43eb6bb hide-for-logged-out elementor-section-height-min-height elementor-section-items-top elementor-section-boxed elementor-section-height-default\" data-id=\"43eb6bb\" data-element_type=\"section\">\n\t\t\t\t\t\t<div class=\"elementor-container elementor-column-gap-default\">\n\t\t\t\t\t<div class=\"elementor-column elementor-col-100 elementor-top-column elementor-element elementor-element-910b2ed\" data-id=\"910b2ed\" data-element_type=\"column\">\n\t\t\t<div class=\"elementor-widget-wrap elementor-element-populated\">\n\t\t\t\t\t\t<div class=\"elementor-element elementor-element-91f7ae8 elementor-tabs-view-horizontal elementor-widget elementor-widget-tabs\" data-id=\"91f7ae8\" data-element_type=\"widget\" data-widget_type=\"tabs.default\">\n\t\t\t\t<div class=\"elementor-widget-container\">\n\t\t\t\t\t\t\t<div class=\"elementor-tabs\">\n\t\t\t<div class=\"elementor-tabs-wrapper\" role=\"tablist\" >\n\t\t\t\t\t\t\t\t\t<div id=\"elementor-tab-title-1531\" class=\"elementor-tab-title elementor-tab-desktop-title\" aria-selected=\"true\" data-tab=\"1\" role=\"tab\" tabindex=\"0\" aria-controls=\"elementor-tab-content-1531\" aria-expanded=\"false\">Chat<\/div>\n\t\t\t\t\t\t\t\t\t<div id=\"elementor-tab-title-1532\" class=\"elementor-tab-title elementor-tab-desktop-title\" aria-selected=\"false\" data-tab=\"2\" role=\"tab\" tabindex=\"-1\" aria-controls=\"elementor-tab-content-1532\" aria-expanded=\"false\">PT-hours<\/div>\n\t\t\t\t\t\t\t\t\t<div id=\"elementor-tab-title-1533\" class=\"elementor-tab-title elementor-tab-desktop-title\" aria-selected=\"false\" data-tab=\"3\" role=\"tab\" tabindex=\"-1\" aria-controls=\"elementor-tab-content-1533\" aria-expanded=\"false\">Training Schedule<\/div>\n\t\t\t\t\t\t\t\t\t<div id=\"elementor-tab-title-1534\" class=\"elementor-tab-title elementor-tab-desktop-title\" aria-selected=\"false\" data-tab=\"4\" role=\"tab\" tabindex=\"-1\" aria-controls=\"elementor-tab-content-1534\" aria-expanded=\"false\">Personal Records<\/div>\n\t\t\t\t\t\t\t<\/div>\n\t\t\t<div class=\"elementor-tabs-content-wrapper\" role=\"tablist\" aria-orientation=\"vertical\">\n\t\t\t\t\t\t\t\t\t<div class=\"elementor-tab-title elementor-tab-mobile-title\" aria-selected=\"true\" data-tab=\"1\" role=\"tab\" tabindex=\"0\" aria-controls=\"elementor-tab-content-1531\" aria-expanded=\"false\">Chat<\/div>\n\t\t\t\t\t<div id=\"elementor-tab-content-1531\" class=\"elementor-tab-content elementor-clearfix\" data-tab=\"1\" role=\"tabpanel\" aria-labelledby=\"elementor-tab-title-1531\" tabindex=\"0\" hidden=\"false\"><p><\/p><\/div>\n\t\t\t\t\t\t\t\t\t<div class=\"elementor-tab-title elementor-tab-mobile-title\" aria-selected=\"false\" data-tab=\"2\" role=\"tab\" tabindex=\"-1\" aria-controls=\"elementor-tab-content-1532\" aria-expanded=\"false\">PT-hours<\/div>\n\t\t\t\t\t<div id=\"elementor-tab-content-1532\" class=\"elementor-tab-content elementor-clearfix\" data-tab=\"2\" role=\"tabpanel\" aria-labelledby=\"elementor-tab-title-1532\" tabindex=\"0\" hidden=\"hidden\"><\/div>\n\t\t\t\t\t\t\t\t\t<div class=\"elementor-tab-title elementor-tab-mobile-title\" aria-selected=\"false\" data-tab=\"3\" role=\"tab\" tabindex=\"-1\" aria-controls=\"elementor-tab-content-1533\" aria-expanded=\"false\">Training Schedule<\/div>\n\t\t\t\t\t<div id=\"elementor-tab-content-1533\" class=\"elementor-tab-content elementor-clearfix\" data-tab=\"3\" role=\"tabpanel\" aria-labelledby=\"elementor-tab-title-1533\" tabindex=\"0\" hidden=\"hidden\"><\/div>\n\t\t\t\t\t\t\t\t\t<div class=\"elementor-tab-title elementor-tab-mobile-title\" aria-selected=\"false\" data-tab=\"4\" role=\"tab\" tabindex=\"-1\" aria-controls=\"elementor-tab-content-1534\" aria-expanded=\"false\">Personal Records<\/div>\n\t\t\t\t\t<div id=\"elementor-tab-content-1534\" class=\"elementor-tab-content elementor-clearfix\" data-tab=\"4\" role=\"tabpanel\" aria-labelledby=\"elementor-tab-title-1534\" tabindex=\"0\" hidden=\"hidden\"><\/div>\n\t\t\t\t\t\t\t<\/div>\n\t\t<\/div>\n\t\t\t\t\t\t<\/div>\n\t\t\t\t<\/div>\n\t\t\t\t\t<\/div>\n\t\t<\/div>\n\t\t\t\t\t<\/div>\n\t\t<\/section>\n\t\t\t\t<section class=\"elementor-section elementor-top-section elementor-element elementor-element-9c1fe5b elementor-section-boxed elementor-section-height-default elementor-section-height-default\" data-id=\"9c1fe5b\" data-element_type=\"section\">\n\t\t\t\t\t\t<div class=\"elementor-container elementor-column-gap-default\">\n\t\t\t\t\t<div class=\"elementor-column elementor-col-100 elementor-top-column elementor-element elementor-element-8fe387a\" data-id=\"8fe387a\" data-element_type=\"column\">\n\t\t\t<div class=\"elementor-widget-wrap elementor-element-populated\">\n\t\t\t\t\t\t<div class=\"elementor-element elementor-element-bece161 elementor-widget elementor-widget-menu-anchor\" data-id=\"bece161\" data-element_type=\"widget\" data-widget_type=\"menu-anchor.default\">\n\t\t\t\t<div class=\"elementor-widget-container\">\n\t\t\t\t\t\t\t<div class=\"elementor-menu-anchor\" id=\"konto\"><\/div>\n\t\t\t\t\t\t<\/div>\n\t\t\t\t<\/div>\n\t\t\t\t<div class=\"elementor-element elementor-element-eb935a8 elementor-widget elementor-widget-shortcode\" data-id=\"eb935a8\" data-element_type=\"widget\" data-widget_type=\"shortcode.default\">\n\t\t\t\t<div class=\"elementor-widget-container\">\n\t\t\t\t\t\t\t<div class=\"elementor-shortcode\"> <div class=\"woocommerce\"><\/div><\/div>\n\t\t\t\t\t\t<\/div>\n\t\t\t\t<\/div>\n\t\t\t\t\t<\/div>\n\t\t<\/div>\n\t\t\t\t\t<\/div>\n\t\t<\/section>\n\t\t\t\t<\/div>","protected":false},"excerpt":{"rendered":"<p>V\u00e4lkommen ! &nbsp; H\u00e4r kan du se dina utf\u00f6rda tr\u00e4ningspass, personliga rekord, antal k\u00f6pta och kvarst\u00e5ende PT-timmar. Du har \u00e4ven m\u00f6jlighet att st\u00e4lla fr\u00e5gor via v\u00e5r chatt.Lycka till med tr\u00e4ningen! \u00a0 Kontouppgifter Chatt PT-timmar Tr\u00e4ningsschema Personliga Rekord Chatt New conversation Manage conversations Delete conversation Set away message You have no conversations yet. New Message PT-timmar [&hellip;]<\/p>","protected":false},"author":1,"featured_media":0,"parent":0,"menu_order":0,"comment_status":"closed","ping_status":"closed","template":"","meta":{"_acf_changed":false,"footnotes":""},"class_list":["post-851","page","type-page","status-publish","hentry"],"acf":[],"yoast_head":"<!-- This site is optimized with the Yoast SEO plugin v26.8 - https:\/\/yoast.com\/product\/yoast-seo-wordpress\/ -->\n<title>Min profil - Zivo<\/title>\n<meta name=\"robots\" content=\"index, follow, max-snippet:-1, max-image-preview:large, max-video-preview:-1\" \/>\n<link rel=\"canonical\" href=\"https:\/\/zivo.se\/en\/min-profil\/\" \/>\n<meta property=\"og:locale\" content=\"en_GB\" \/>\n<meta property=\"og:type\" content=\"article\" \/>\n<meta property=\"og:title\" content=\"Min profil - Zivo\" \/>\n<meta property=\"og:description\" content=\"V\u00e4lkommen ! &nbsp; H\u00e4r kan du se dina utf\u00f6rda tr\u00e4ningspass, personliga rekord, antal k\u00f6pta och kvarst\u00e5ende PT-timmar. Du har \u00e4ven m\u00f6jlighet att st\u00e4lla fr\u00e5gor via v\u00e5r chatt.Lycka till med tr\u00e4ningen! \u00a0 Kontouppgifter Chatt PT-timmar Tr\u00e4ningsschema Personliga Rekord Chatt New conversation Manage conversations Delete conversation Set away message You have no conversations yet. New Message PT-timmar [&hellip;]\" \/>\n<meta property=\"og:url\" content=\"https:\/\/zivo.se\/en\/min-profil\/\" \/>\n<meta property=\"og:site_name\" content=\"Zivo\" \/>\n<meta property=\"article:modified_time\" content=\"2022-03-04T13:28:27+00:00\" \/>\n<meta property=\"og:image\" content=\"https:\/\/s.w.org\/images\/core\/emoji\/13.1.0\/svg\/1f60a.svg\" \/>\n<meta name=\"twitter:card\" content=\"summary_large_image\" \/>\n<script type=\"application\/ld+json\" class=\"yoast-schema-graph\">{\"@context\":\"https:\/\/schema.org\",\"@graph\":[{\"@type\":\"WebPage\",\"@id\":\"https:\/\/zivo.se\/min-profil\/\",\"url\":\"https:\/\/zivo.se\/min-profil\/\",\"name\":\"Min profil - Zivo\",\"isPartOf\":{\"@id\":\"https:\/\/zivo.se\/#website\"},\"primaryImageOfPage\":{\"@id\":\"https:\/\/zivo.se\/min-profil\/#primaryimage\"},\"image\":{\"@id\":\"https:\/\/zivo.se\/min-profil\/#primaryimage\"},\"thumbnailUrl\":\"https:\/\/s.w.org\/images\/core\/emoji\/13.1.0\/svg\/1f60a.svg\",\"datePublished\":\"2021-11-11T14:22:15+00:00\",\"dateModified\":\"2022-03-04T13:28:27+00:00\",\"breadcrumb\":{\"@id\":\"https:\/\/zivo.se\/min-profil\/#breadcrumb\"},\"inLanguage\":\"en-GB\",\"potentialAction\":[{\"@type\":\"ReadAction\",\"target\":[\"https:\/\/zivo.se\/min-profil\/\"]}]},{\"@type\":\"ImageObject\",\"inLanguage\":\"en-GB\",\"@id\":\"https:\/\/zivo.se\/min-profil\/#primaryimage\",\"url\":\"https:\/\/s.w.org\/images\/core\/emoji\/13.1.0\/svg\/1f60a.svg\",\"contentUrl\":\"https:\/\/s.w.org\/images\/core\/emoji\/13.1.0\/svg\/1f60a.svg\"},{\"@type\":\"BreadcrumbList\",\"@id\":\"https:\/\/zivo.se\/min-profil\/#breadcrumb\",\"itemListElement\":[{\"@type\":\"ListItem\",\"position\":1,\"name\":\"Hem\",\"item\":\"https:\/\/zivo.se\/\"},{\"@type\":\"ListItem\",\"position\":2,\"name\":\"Min profil\"}]},{\"@type\":\"WebSite\",\"@id\":\"https:\/\/zivo.se\/#website\",\"url\":\"https:\/\/zivo.se\/\",\"name\":\"Zivo\",\"description\":\"Personlig tr\u00e4ning och kostr\u00e5dgivning\",\"potentialAction\":[{\"@type\":\"SearchAction\",\"target\":{\"@type\":\"EntryPoint\",\"urlTemplate\":\"https:\/\/zivo.se\/?s={search_term_string}\"},\"query-input\":{\"@type\":\"PropertyValueSpecification\",\"valueRequired\":true,\"valueName\":\"search_term_string\"}}],\"inLanguage\":\"en-GB\"}]}<\/script>\n<!-- \/ Yoast SEO plugin. -->","yoast_head_json":{"title":"Min profil - Zivo","robots":{"index":"index","follow":"follow","max-snippet":"max-snippet:-1","max-image-preview":"max-image-preview:large","max-video-preview":"max-video-preview:-1"},"canonical":"https:\/\/zivo.se\/en\/min-profil\/","og_locale":"en_GB","og_type":"article","og_title":"Min profil - Zivo","og_description":"V\u00e4lkommen ! &nbsp; H\u00e4r kan du se dina utf\u00f6rda tr\u00e4ningspass, personliga rekord, antal k\u00f6pta och kvarst\u00e5ende PT-timmar. Du har \u00e4ven m\u00f6jlighet att st\u00e4lla fr\u00e5gor via v\u00e5r chatt.Lycka till med tr\u00e4ningen! \u00a0 Kontouppgifter Chatt PT-timmar Tr\u00e4ningsschema Personliga Rekord Chatt New conversation Manage conversations Delete conversation Set away message You have no conversations yet. New Message PT-timmar [&hellip;]","og_url":"https:\/\/zivo.se\/en\/min-profil\/","og_site_name":"Zivo","article_modified_time":"2022-03-04T13:28:27+00:00","og_image":[{"url":"https:\/\/s.w.org\/images\/core\/emoji\/13.1.0\/svg\/1f60a.svg","type":"","width":"","height":""}],"twitter_card":"summary_large_image","schema":{"@context":"https:\/\/schema.org","@graph":[{"@type":"WebPage","@id":"https:\/\/zivo.se\/min-profil\/","url":"https:\/\/zivo.se\/min-profil\/","name":"Min profil - Zivo","isPartOf":{"@id":"https:\/\/zivo.se\/#website"},"primaryImageOfPage":{"@id":"https:\/\/zivo.se\/min-profil\/#primaryimage"},"image":{"@id":"https:\/\/zivo.se\/min-profil\/#primaryimage"},"thumbnailUrl":"https:\/\/s.w.org\/images\/core\/emoji\/13.1.0\/svg\/1f60a.svg","datePublished":"2021-11-11T14:22:15+00:00","dateModified":"2022-03-04T13:28:27+00:00","breadcrumb":{"@id":"https:\/\/zivo.se\/min-profil\/#breadcrumb"},"inLanguage":"en-GB","potentialAction":[{"@type":"ReadAction","target":["https:\/\/zivo.se\/min-profil\/"]}]},{"@type":"ImageObject","inLanguage":"en-GB","@id":"https:\/\/zivo.se\/min-profil\/#primaryimage","url":"https:\/\/s.w.org\/images\/core\/emoji\/13.1.0\/svg\/1f60a.svg","contentUrl":"https:\/\/s.w.org\/images\/core\/emoji\/13.1.0\/svg\/1f60a.svg"},{"@type":"BreadcrumbList","@id":"https:\/\/zivo.se\/min-profil\/#breadcrumb","itemListElement":[{"@type":"ListItem","position":1,"name":"Hem","item":"https:\/\/zivo.se\/"},{"@type":"ListItem","position":2,"name":"Min profil"}]},{"@type":"WebSite","@id":"https:\/\/zivo.se\/#website","url":"https:\/\/zivo.se\/","name":"Zivo","description":"Personlig tr\u00e4ning och kostr\u00e5dgivning","potentialAction":[{"@type":"SearchAction","target":{"@type":"EntryPoint","urlTemplate":"https:\/\/zivo.se\/?s={search_term_string}"},"query-input":{"@type":"PropertyValueSpecification","valueRequired":true,"valueName":"search_term_string"}}],"inLanguage":"en-GB"}]}},"_links":{"self":[{"href":"https:\/\/zivo.se\/en\/wp-json\/wp\/v2\/pages\/851","targetHints":{"allow":["GET"]}}],"collection":[{"href":"https:\/\/zivo.se\/en\/wp-json\/wp\/v2\/pages"}],"about":[{"href":"https:\/\/zivo.se\/en\/wp-json\/wp\/v2\/types\/page"}],"author":[{"embeddable":true,"href":"https:\/\/zivo.se\/en\/wp-json\/wp\/v2\/users\/1"}],"replies":[{"embeddable":true,"href":"https:\/\/zivo.se\/en\/wp-json\/wp\/v2\/comments?post=851"}],"version-history":[{"count":307,"href":"https:\/\/zivo.se\/en\/wp-json\/wp\/v2\/pages\/851\/revisions"}],"predecessor-version":[{"id":4031,"href":"https:\/\/zivo.se\/en\/wp-json\/wp\/v2\/pages\/851\/revisions\/4031"}],"wp:attachment":[{"href":"https:\/\/zivo.se\/en\/wp-json\/wp\/v2\/media?parent=851"}],"curies":[{"name":"wp","href":"https:\/\/api.w.org\/{rel}","templated":true}]}}