{"id":820,"date":"2021-11-11T11:13:23","date_gmt":"2021-11-11T10:13:23","guid":{"rendered":"http:\/\/zivo.hemhosting.se\/?page_id=820"},"modified":"2022-03-04T13:02:36","modified_gmt":"2022-03-04T12:02:36","slug":"kostradgivning","status":"publish","type":"page","link":"https:\/\/zivo.se\/en\/personlig-traning\/kostradgivning\/","title":{"rendered":"Nutritional Advice"},"content":{"rendered":"<div data-elementor-type=\"wp-page\" data-elementor-id=\"820\" class=\"elementor elementor-820\" data-elementor-post-type=\"page\">\n\t\t\t\t\t\t<section class=\"elementor-section elementor-top-section elementor-element elementor-element-0b0fcd8 elementor-section-height-min-height head2 elementor-section-full_width elementor-section-height-default elementor-section-items-middle\" data-id=\"0b0fcd8\" data-element_type=\"section\" data-settings=\"{&quot;background_background&quot;:&quot;classic&quot;}\">\n\t\t\t\t\t\t\t<div class=\"elementor-background-overlay\"><\/div>\n\t\t\t\t\t\t\t<div class=\"elementor-container elementor-column-gap-default\">\n\t\t\t\t\t<div class=\"elementor-column elementor-col-100 elementor-top-column elementor-element elementor-element-dbd5035\" data-id=\"dbd5035\" data-element_type=\"column\" data-settings=\"{&quot;background_background&quot;:&quot;classic&quot;}\">\n\t\t\t<div class=\"elementor-widget-wrap elementor-element-populated\">\n\t\t\t\t\t<div class=\"elementor-background-overlay\"><\/div>\n\t\t\t\t\t\t<section class=\"elementor-section elementor-inner-section elementor-element elementor-element-87aed0a elementor-section-content-middle elementor-section-height-min-height elementor-section-full_width elementor-section-height-default\" data-id=\"87aed0a\" data-element_type=\"section\">\n\t\t\t\t\t\t<div class=\"elementor-container elementor-column-gap-default\">\n\t\t\t\t\t<div class=\"elementor-column elementor-col-100 elementor-inner-column elementor-element elementor-element-9639419\" data-id=\"9639419\" data-element_type=\"column\">\n\t\t\t<div class=\"elementor-widget-wrap elementor-element-populated\">\n\t\t\t\t\t\t<div class=\"elementor-element elementor-element-7765f73 elementor-widget elementor-widget-heading\" data-id=\"7765f73\" data-element_type=\"widget\" data-widget_type=\"heading.default\">\n\t\t\t\t<div class=\"elementor-widget-container\">\n\t\t\t\t\t<h1 class=\"elementor-heading-title elementor-size-default\">Nutritional Advice <\/h1>\t\t\t\t<\/div>\n\t\t\t\t<\/div>\n\t\t\t\t\t<\/div>\n\t\t<\/div>\n\t\t\t\t\t<\/div>\n\t\t<\/section>\n\t\t\t\t\t<\/div>\n\t\t<\/div>\n\t\t\t\t\t<\/div>\n\t\t<\/section>\n\t\t\t\t<section class=\"elementor-section elementor-top-section elementor-element elementor-element-4f2047a1 elementor-section-boxed elementor-section-height-default elementor-section-height-default\" data-id=\"4f2047a1\" data-element_type=\"section\" data-settings=\"{&quot;background_background&quot;:&quot;classic&quot;}\">\n\t\t\t\t\t\t<div class=\"elementor-container elementor-column-gap-default\">\n\t\t\t\t\t<div class=\"elementor-column elementor-col-100 elementor-top-column elementor-element elementor-element-1ffbdd84\" data-id=\"1ffbdd84\" data-element_type=\"column\" data-settings=\"{&quot;background_background&quot;:&quot;classic&quot;}\">\n\t\t\t<div class=\"elementor-widget-wrap elementor-element-populated\">\n\t\t\t\t\t\t<section class=\"elementor-section elementor-inner-section elementor-element elementor-element-2d5deed0 elementor-section-full_width elementor-section-height-default elementor-section-height-default\" data-id=\"2d5deed0\" data-element_type=\"section\" data-settings=\"{&quot;background_background&quot;:&quot;classic&quot;}\">\n\t\t\t\t\t\t<div class=\"elementor-container elementor-column-gap-default\">\n\t\t\t\t\t<div class=\"elementor-column elementor-col-50 elementor-inner-column elementor-element elementor-element-1ab21d0e\" data-id=\"1ab21d0e\" data-element_type=\"column\">\n\t\t\t<div class=\"elementor-widget-wrap elementor-element-populated\">\n\t\t\t\t\t\t<div class=\"elementor-element elementor-element-3536a38 elementor-widget elementor-widget-text-editor\" data-id=\"3536a38\" data-element_type=\"widget\" data-widget_type=\"text-editor.default\">\n\t\t\t\t<div class=\"elementor-widget-container\">\n\t\t\t\t\t\t\t\t\t<p>Life is there to be enjoyed! We work with a sustainable lifestyle where you can enjoy good food and feel healthy. We do not work with any specific diets, instead try to find a long-term solution where you can get all the nutrients, vitamins and minerals. Here, too, we adapt the diet to your conditions, life situation and goals.<\/p>\t\t\t\t\t\t\t\t<\/div>\n\t\t\t\t<\/div>\n\t\t\t\t\t<\/div>\n\t\t<\/div>\n\t\t\t\t<div class=\"elementor-column elementor-col-50 elementor-inner-column elementor-element elementor-element-1f2d511f\" data-id=\"1f2d511f\" data-element_type=\"column\">\n\t\t\t<div class=\"elementor-widget-wrap elementor-element-populated\">\n\t\t\t\t\t\t<div class=\"elementor-element elementor-element-7cacf61d elementor-widget elementor-widget-image\" data-id=\"7cacf61d\" data-element_type=\"widget\" data-widget_type=\"image.default\">\n\t\t\t\t<div class=\"elementor-widget-container\">\n\t\t\t\t\t\t\t\t\t\t\t\t\t\t\t<img fetchpriority=\"high\" decoding=\"async\" width=\"720\" height=\"560\" src=\"https:\/\/zivo.se\/wp-content\/uploads\/2021\/10\/kost-720x560px.jpg\" class=\"attachment-large size-large wp-image-123\" alt=\"Zivo kostr\u00e5dgivning\" srcset=\"https:\/\/zivo.se\/wp-content\/uploads\/2021\/10\/kost-720x560px.jpg 720w, https:\/\/zivo.se\/wp-content\/uploads\/2021\/10\/kost-720x560px-300x233.jpg 300w, https:\/\/zivo.se\/wp-content\/uploads\/2021\/10\/kost-720x560px-600x467.jpg 600w\" sizes=\"(max-width: 720px) 100vw, 720px\" \/>\t\t\t\t\t\t\t\t\t\t\t\t\t\t\t<\/div>\n\t\t\t\t<\/div>\n\t\t\t\t\t<\/div>\n\t\t<\/div>\n\t\t\t\t\t<\/div>\n\t\t<\/section>\n\t\t\t\t\t<\/div>\n\t\t<\/div>\n\t\t\t\t\t<\/div>\n\t\t<\/section>\n\t\t\t\t<\/div>","protected":false},"excerpt":{"rendered":"<p>Kostr\u00e5dgivning Livet \u00e4r till f\u00f6r att njutas! H\u00e4r jobbar vi med en h\u00e5llbar livsstil d\u00e4r du b\u00e5de kan njuta utav god mat och k\u00e4nna dig h\u00e4lsosam. Vi jobbar inte med dieter utan f\u00f6rs\u00f6ker hitta en l\u00e5ngsiktig l\u00f6sning d\u00e4r du kan f\u00e5 i dig alla n\u00e4rings\u00e4mnen, vitaminer och mineraler. \u00c4ven h\u00e4r anpassar vi kosten efter dina [&hellip;]<\/p>","protected":false},"author":1,"featured_media":0,"parent":56,"menu_order":0,"comment_status":"closed","ping_status":"closed","template":"","meta":{"_acf_changed":false,"footnotes":""},"class_list":["post-820","page","type-page","status-publish","hentry"],"acf":[],"yoast_head":"<!-- This site is optimized with the Yoast SEO plugin v26.8 - https:\/\/yoast.com\/product\/yoast-seo-wordpress\/ -->\n<title>Kostr\u00e5dgivning - Zivo<\/title>\n<meta name=\"robots\" content=\"index, follow, max-snippet:-1, max-image-preview:large, max-video-preview:-1\" \/>\n<link rel=\"canonical\" href=\"https:\/\/zivo.se\/en\/personlig-traning\/kostradgivning\/\" \/>\n<meta property=\"og:locale\" content=\"en_GB\" \/>\n<meta property=\"og:type\" content=\"article\" \/>\n<meta property=\"og:title\" content=\"Kostr\u00e5dgivning - Zivo\" \/>\n<meta property=\"og:description\" content=\"Kostr\u00e5dgivning Livet \u00e4r till f\u00f6r att njutas! H\u00e4r jobbar vi med en h\u00e5llbar livsstil d\u00e4r du b\u00e5de kan njuta utav god mat och k\u00e4nna dig h\u00e4lsosam. Vi jobbar inte med dieter utan f\u00f6rs\u00f6ker hitta en l\u00e5ngsiktig l\u00f6sning d\u00e4r du kan f\u00e5 i dig alla n\u00e4rings\u00e4mnen, vitaminer och mineraler. \u00c4ven h\u00e4r anpassar vi kosten efter dina [&hellip;]\" \/>\n<meta property=\"og:url\" content=\"https:\/\/zivo.se\/en\/personlig-traning\/kostradgivning\/\" \/>\n<meta property=\"og:site_name\" content=\"Zivo\" \/>\n<meta property=\"article:modified_time\" content=\"2022-03-04T12:02:36+00:00\" \/>\n<meta property=\"og:image\" content=\"https:\/\/zivo.se\/wp-content\/uploads\/2021\/10\/kost-720x560px.jpg\" \/>\n\t<meta property=\"og:image:width\" content=\"720\" \/>\n\t<meta property=\"og:image:height\" content=\"560\" \/>\n\t<meta property=\"og:image:type\" content=\"image\/jpeg\" \/>\n<meta name=\"twitter:card\" content=\"summary_large_image\" \/>\n<script type=\"application\/ld+json\" class=\"yoast-schema-graph\">{\"@context\":\"https:\/\/schema.org\",\"@graph\":[{\"@type\":\"WebPage\",\"@id\":\"https:\/\/zivo.se\/personlig-traning\/kostradgivning\/\",\"url\":\"https:\/\/zivo.se\/personlig-traning\/kostradgivning\/\",\"name\":\"Kostr\u00e5dgivning - Zivo\",\"isPartOf\":{\"@id\":\"https:\/\/zivo.se\/#website\"},\"primaryImageOfPage\":{\"@id\":\"https:\/\/zivo.se\/personlig-traning\/kostradgivning\/#primaryimage\"},\"image\":{\"@id\":\"https:\/\/zivo.se\/personlig-traning\/kostradgivning\/#primaryimage\"},\"thumbnailUrl\":\"https:\/\/zivo.se\/wp-content\/uploads\/2021\/10\/kost-720x560px.jpg\",\"datePublished\":\"2021-11-11T10:13:23+00:00\",\"dateModified\":\"2022-03-04T12:02:36+00:00\",\"breadcrumb\":{\"@id\":\"https:\/\/zivo.se\/personlig-traning\/kostradgivning\/#breadcrumb\"},\"inLanguage\":\"en-GB\",\"potentialAction\":[{\"@type\":\"ReadAction\",\"target\":[\"https:\/\/zivo.se\/personlig-traning\/kostradgivning\/\"]}]},{\"@type\":\"ImageObject\",\"inLanguage\":\"en-GB\",\"@id\":\"https:\/\/zivo.se\/personlig-traning\/kostradgivning\/#primaryimage\",\"url\":\"https:\/\/zivo.se\/wp-content\/uploads\/2021\/10\/kost-720x560px.jpg\",\"contentUrl\":\"https:\/\/zivo.se\/wp-content\/uploads\/2021\/10\/kost-720x560px.jpg\"},{\"@type\":\"BreadcrumbList\",\"@id\":\"https:\/\/zivo.se\/personlig-traning\/kostradgivning\/#breadcrumb\",\"itemListElement\":[{\"@type\":\"ListItem\",\"position\":1,\"name\":\"Hem\",\"item\":\"https:\/\/zivo.se\/\"},{\"@type\":\"ListItem\",\"position\":2,\"name\":\"Personlig tr\u00e4ning\",\"item\":\"https:\/\/zivo.se\/personlig-traning\/\"},{\"@type\":\"ListItem\",\"position\":3,\"name\":\"Kostr\u00e5dgivning\"}]},{\"@type\":\"WebSite\",\"@id\":\"https:\/\/zivo.se\/#website\",\"url\":\"https:\/\/zivo.se\/\",\"name\":\"Zivo\",\"description\":\"Personlig tr\u00e4ning och kostr\u00e5dgivning\",\"potentialAction\":[{\"@type\":\"SearchAction\",\"target\":{\"@type\":\"EntryPoint\",\"urlTemplate\":\"https:\/\/zivo.se\/?s={search_term_string}\"},\"query-input\":{\"@type\":\"PropertyValueSpecification\",\"valueRequired\":true,\"valueName\":\"search_term_string\"}}],\"inLanguage\":\"en-GB\"}]}<\/script>\n<!-- \/ Yoast SEO plugin. -->","yoast_head_json":{"title":"Kostr\u00e5dgivning - Zivo","robots":{"index":"index","follow":"follow","max-snippet":"max-snippet:-1","max-image-preview":"max-image-preview:large","max-video-preview":"max-video-preview:-1"},"canonical":"https:\/\/zivo.se\/en\/personlig-traning\/kostradgivning\/","og_locale":"en_GB","og_type":"article","og_title":"Kostr\u00e5dgivning - Zivo","og_description":"Kostr\u00e5dgivning Livet \u00e4r till f\u00f6r att njutas! H\u00e4r jobbar vi med en h\u00e5llbar livsstil d\u00e4r du b\u00e5de kan njuta utav god mat och k\u00e4nna dig h\u00e4lsosam. Vi jobbar inte med dieter utan f\u00f6rs\u00f6ker hitta en l\u00e5ngsiktig l\u00f6sning d\u00e4r du kan f\u00e5 i dig alla n\u00e4rings\u00e4mnen, vitaminer och mineraler. \u00c4ven h\u00e4r anpassar vi kosten efter dina [&hellip;]","og_url":"https:\/\/zivo.se\/en\/personlig-traning\/kostradgivning\/","og_site_name":"Zivo","article_modified_time":"2022-03-04T12:02:36+00:00","og_image":[{"width":720,"height":560,"url":"https:\/\/zivo.se\/wp-content\/uploads\/2021\/10\/kost-720x560px.jpg","type":"image\/jpeg"}],"twitter_card":"summary_large_image","schema":{"@context":"https:\/\/schema.org","@graph":[{"@type":"WebPage","@id":"https:\/\/zivo.se\/personlig-traning\/kostradgivning\/","url":"https:\/\/zivo.se\/personlig-traning\/kostradgivning\/","name":"Kostr\u00e5dgivning - Zivo","isPartOf":{"@id":"https:\/\/zivo.se\/#website"},"primaryImageOfPage":{"@id":"https:\/\/zivo.se\/personlig-traning\/kostradgivning\/#primaryimage"},"image":{"@id":"https:\/\/zivo.se\/personlig-traning\/kostradgivning\/#primaryimage"},"thumbnailUrl":"https:\/\/zivo.se\/wp-content\/uploads\/2021\/10\/kost-720x560px.jpg","datePublished":"2021-11-11T10:13:23+00:00","dateModified":"2022-03-04T12:02:36+00:00","breadcrumb":{"@id":"https:\/\/zivo.se\/personlig-traning\/kostradgivning\/#breadcrumb"},"inLanguage":"en-GB","potentialAction":[{"@type":"ReadAction","target":["https:\/\/zivo.se\/personlig-traning\/kostradgivning\/"]}]},{"@type":"ImageObject","inLanguage":"en-GB","@id":"https:\/\/zivo.se\/personlig-traning\/kostradgivning\/#primaryimage","url":"https:\/\/zivo.se\/wp-content\/uploads\/2021\/10\/kost-720x560px.jpg","contentUrl":"https:\/\/zivo.se\/wp-content\/uploads\/2021\/10\/kost-720x560px.jpg"},{"@type":"BreadcrumbList","@id":"https:\/\/zivo.se\/personlig-traning\/kostradgivning\/#breadcrumb","itemListElement":[{"@type":"ListItem","position":1,"name":"Hem","item":"https:\/\/zivo.se\/"},{"@type":"ListItem","position":2,"name":"Personlig tr\u00e4ning","item":"https:\/\/zivo.se\/personlig-traning\/"},{"@type":"ListItem","position":3,"name":"Kostr\u00e5dgivning"}]},{"@type":"WebSite","@id":"https:\/\/zivo.se\/#website","url":"https:\/\/zivo.se\/","name":"Zivo","description":"Personlig tr\u00e4ning och kostr\u00e5dgivning","potentialAction":[{"@type":"SearchAction","target":{"@type":"EntryPoint","urlTemplate":"https:\/\/zivo.se\/?s={search_term_string}"},"query-input":{"@type":"PropertyValueSpecification","valueRequired":true,"valueName":"search_term_string"}}],"inLanguage":"en-GB"}]}},"_links":{"self":[{"href":"https:\/\/zivo.se\/en\/wp-json\/wp\/v2\/pages\/820","targetHints":{"allow":["GET"]}}],"collection":[{"href":"https:\/\/zivo.se\/en\/wp-json\/wp\/v2\/pages"}],"about":[{"href":"https:\/\/zivo.se\/en\/wp-json\/wp\/v2\/types\/page"}],"author":[{"embeddable":true,"href":"https:\/\/zivo.se\/en\/wp-json\/wp\/v2\/users\/1"}],"replies":[{"embeddable":true,"href":"https:\/\/zivo.se\/en\/wp-json\/wp\/v2\/comments?post=820"}],"version-history":[{"count":160,"href":"https:\/\/zivo.se\/en\/wp-json\/wp\/v2\/pages\/820\/revisions"}],"predecessor-version":[{"id":4002,"href":"https:\/\/zivo.se\/en\/wp-json\/wp\/v2\/pages\/820\/revisions\/4002"}],"up":[{"embeddable":true,"href":"https:\/\/zivo.se\/en\/wp-json\/wp\/v2\/pages\/56"}],"wp:attachment":[{"href":"https:\/\/zivo.se\/en\/wp-json\/wp\/v2\/media?parent=820"}],"curies":[{"name":"wp","href":"https:\/\/api.w.org\/{rel}","templated":true}]}}