{"id":799,"date":"2021-11-11T11:10:04","date_gmt":"2021-11-11T10:10:04","guid":{"rendered":"http:\/\/zivo.hemhosting.se\/?page_id=799"},"modified":"2021-11-18T16:11:54","modified_gmt":"2021-11-18T15:11:54","slug":"yoga-rorklighetstraning","status":"publish","type":"page","link":"https:\/\/zivo.se\/en\/personlig-traning\/yoga-rorklighetstraning\/","title":{"rendered":"Yoga\/R\u00f6rklighetstr\u00e4ning"},"content":{"rendered":"<div data-elementor-type=\"wp-page\" data-elementor-id=\"799\" class=\"elementor elementor-799\" data-elementor-post-type=\"page\">\n\t\t\t\t\t\t<section class=\"elementor-section elementor-top-section elementor-element elementor-element-3116ff50 elementor-section-height-min-height head2 elementor-section-boxed elementor-section-height-default elementor-section-items-middle\" data-id=\"3116ff50\" data-element_type=\"section\" data-settings=\"{&quot;background_background&quot;:&quot;classic&quot;}\">\n\t\t\t\t\t\t<div class=\"elementor-container elementor-column-gap-default\">\n\t\t\t\t\t<div class=\"elementor-column elementor-col-100 elementor-top-column elementor-element elementor-element-17e5d8bf\" data-id=\"17e5d8bf\" data-element_type=\"column\">\n\t\t\t<div class=\"elementor-widget-wrap elementor-element-populated\">\n\t\t\t\t\t\t<section class=\"elementor-section elementor-inner-section elementor-element elementor-element-423e5041 elementor-section-content-middle elementor-section-boxed elementor-section-height-default elementor-section-height-default\" data-id=\"423e5041\" data-element_type=\"section\">\n\t\t\t\t\t\t<div class=\"elementor-container elementor-column-gap-default\">\n\t\t\t\t\t<div class=\"elementor-column elementor-col-100 elementor-inner-column elementor-element elementor-element-2b01ba73\" data-id=\"2b01ba73\" data-element_type=\"column\">\n\t\t\t<div class=\"elementor-widget-wrap elementor-element-populated\">\n\t\t\t\t\t\t<div class=\"elementor-element elementor-element-12d678bb elementor-widget elementor-widget-heading\" data-id=\"12d678bb\" data-element_type=\"widget\" data-widget_type=\"heading.default\">\n\t\t\t\t<div class=\"elementor-widget-container\">\n\t\t\t\t\t<h3 class=\"elementor-heading-title elementor-size-default\">personlig tr\u00e4ning<\/h3>\t\t\t\t<\/div>\n\t\t\t\t<\/div>\n\t\t\t\t\t<\/div>\n\t\t<\/div>\n\t\t\t\t\t<\/div>\n\t\t<\/section>\n\t\t\t\t\t<\/div>\n\t\t<\/div>\n\t\t\t\t\t<\/div>\n\t\t<\/section>\n\t\t\t\t<section class=\"elementor-section elementor-top-section elementor-element elementor-element-20c45a41 elementor-section-boxed elementor-section-height-default elementor-section-height-default\" data-id=\"20c45a41\" data-element_type=\"section\" data-settings=\"{&quot;background_background&quot;:&quot;classic&quot;}\">\n\t\t\t\t\t\t<div class=\"elementor-container elementor-column-gap-default\">\n\t\t\t\t\t<div class=\"elementor-column elementor-col-100 elementor-top-column elementor-element elementor-element-1a843d89\" data-id=\"1a843d89\" data-element_type=\"column\" data-settings=\"{&quot;background_background&quot;:&quot;classic&quot;}\">\n\t\t\t<div class=\"elementor-widget-wrap elementor-element-populated\">\n\t\t\t\t\t\t<section class=\"elementor-section elementor-inner-section elementor-element elementor-element-ad9bf0 elementor-section-full_width elementor-section-height-default elementor-section-height-default\" data-id=\"ad9bf0\" data-element_type=\"section\" data-settings=\"{&quot;background_background&quot;:&quot;classic&quot;}\">\n\t\t\t\t\t\t<div class=\"elementor-container elementor-column-gap-default\">\n\t\t\t\t\t<div class=\"elementor-column elementor-col-50 elementor-inner-column elementor-element elementor-element-1c12f11a\" data-id=\"1c12f11a\" data-element_type=\"column\">\n\t\t\t<div class=\"elementor-widget-wrap elementor-element-populated\">\n\t\t\t\t\t\t<div class=\"elementor-element elementor-element-1d0983c1 elementor-widget elementor-widget-heading\" data-id=\"1d0983c1\" data-element_type=\"widget\" data-widget_type=\"heading.default\">\n\t\t\t\t<div class=\"elementor-widget-container\">\n\t\t\t\t\t<h2 class=\"elementor-heading-title elementor-size-default\">YOGA\/\nR\u00d6RLIGHETSTR\u00c4NING\u200b<\/h2>\t\t\t\t<\/div>\n\t\t\t\t<\/div>\n\t\t\t\t<div class=\"elementor-element elementor-element-327c0ff elementor-widget elementor-widget-text-editor\" data-id=\"327c0ff\" data-element_type=\"widget\" data-widget_type=\"text-editor.default\">\n\t\t\t\t<div class=\"elementor-widget-container\">\n\t\t\t\t\t\t\t\t\t<p>Nonsecti officab ius utam at. Maiorer ibusdaest rem eos a volorro duciist, con custius aperciatus.<\/p><p>Vellore volum quibus natem vent dolorro quo dolor a et officias ut acessunt voleseq\u00a0 reperiaeris vendem ra ipsamendia sequate mperibus audipsa peliqui solorpo riscia nis quas es qui a doluptae.<\/p><p>Consenda in estius aut optat invelenimus!Nem nonseque nonsequ idesequi ut quo est, que et eatempe llorept iassunto tetur? Modit estius, conestiae. Nempero vitatia nimolup tatquunturem quae. Ut volectiatemo viditi di dent officiam que doluptatur, od modis mo occaescimus as molor as ipsapid mi, occae cus<\/p>\t\t\t\t\t\t\t\t<\/div>\n\t\t\t\t<\/div>\n\t\t\t\t\t<\/div>\n\t\t<\/div>\n\t\t\t\t<div class=\"elementor-column elementor-col-50 elementor-inner-column elementor-element elementor-element-77972fe8\" data-id=\"77972fe8\" data-element_type=\"column\">\n\t\t\t<div class=\"elementor-widget-wrap elementor-element-populated\">\n\t\t\t\t\t\t<div class=\"elementor-element elementor-element-2daece9a elementor-widget elementor-widget-image\" data-id=\"2daece9a\" data-element_type=\"widget\" data-widget_type=\"image.default\">\n\t\t\t\t<div class=\"elementor-widget-container\">\n\t\t\t\t\t\t\t\t\t\t\t\t\t\t\t<img fetchpriority=\"high\" decoding=\"async\" width=\"720\" height=\"560\" src=\"https:\/\/zivo.se\/wp-content\/uploads\/2021\/11\/zivo-yoga.jpg\" class=\"attachment-large size-large wp-image-872\" alt=\"\" srcset=\"https:\/\/zivo.se\/wp-content\/uploads\/2021\/11\/zivo-yoga.jpg 720w, https:\/\/zivo.se\/wp-content\/uploads\/2021\/11\/zivo-yoga-300x233.jpg 300w, https:\/\/zivo.se\/wp-content\/uploads\/2021\/11\/zivo-yoga-15x12.jpg 15w, https:\/\/zivo.se\/wp-content\/uploads\/2021\/11\/zivo-yoga-600x467.jpg 600w\" sizes=\"(max-width: 720px) 100vw, 720px\" \/>\t\t\t\t\t\t\t\t\t\t\t\t\t\t\t<\/div>\n\t\t\t\t<\/div>\n\t\t\t\t\t<\/div>\n\t\t<\/div>\n\t\t\t\t\t<\/div>\n\t\t<\/section>\n\t\t\t\t\t<\/div>\n\t\t<\/div>\n\t\t\t\t\t<\/div>\n\t\t<\/section>\n\t\t\t\t<\/div>","protected":false},"excerpt":{"rendered":"<p>personlig tr\u00e4ning YOGA\/ R\u00d6RLIGHETSTR\u00c4NING\u200b Nonsecti officab ius utam at. Maiorer ibusdaest rem eos a volorro duciist, con custius aperciatus.Vellore volum quibus natem vent dolorro quo dolor a et officias ut acessunt voleseq\u00a0 reperiaeris vendem ra ipsamendia sequate mperibus audipsa peliqui solorpo riscia nis quas es qui a doluptae.Consenda in estius aut optat invelenimus!Nem nonseque nonsequ [&hellip;]<\/p>","protected":false},"author":1,"featured_media":0,"parent":56,"menu_order":0,"comment_status":"closed","ping_status":"closed","template":"","meta":{"_acf_changed":false,"footnotes":""},"class_list":["post-799","page","type-page","status-publish","hentry"],"acf":[],"yoast_head":"<!-- This site is optimized with the Yoast SEO plugin v26.8 - https:\/\/yoast.com\/product\/yoast-seo-wordpress\/ -->\n<title>Yoga\/R\u00f6rklighetstr\u00e4ning - Zivo<\/title>\n<meta name=\"robots\" content=\"index, follow, max-snippet:-1, max-image-preview:large, max-video-preview:-1\" \/>\n<link rel=\"canonical\" href=\"https:\/\/zivo.se\/en\/personlig-traning\/yoga-rorklighetstraning\/\" \/>\n<meta property=\"og:locale\" content=\"en_GB\" \/>\n<meta property=\"og:type\" content=\"article\" \/>\n<meta property=\"og:title\" content=\"Yoga\/R\u00f6rklighetstr\u00e4ning - Zivo\" \/>\n<meta property=\"og:description\" content=\"personlig tr\u00e4ning YOGA\/ R\u00d6RLIGHETSTR\u00c4NING\u200b Nonsecti officab ius utam at. Maiorer ibusdaest rem eos a volorro duciist, con custius aperciatus.Vellore volum quibus natem vent dolorro quo dolor a et officias ut acessunt voleseq\u00a0 reperiaeris vendem ra ipsamendia sequate mperibus audipsa peliqui solorpo riscia nis quas es qui a doluptae.Consenda in estius aut optat invelenimus!Nem nonseque nonsequ [&hellip;]\" \/>\n<meta property=\"og:url\" content=\"https:\/\/zivo.se\/en\/personlig-traning\/yoga-rorklighetstraning\/\" \/>\n<meta property=\"og:site_name\" content=\"Zivo\" \/>\n<meta property=\"article:modified_time\" content=\"2021-11-18T15:11:54+00:00\" \/>\n<meta property=\"og:image\" content=\"http:\/\/zivo.hemhosting.se\/wp-content\/uploads\/2021\/11\/zivo-yoga.jpg\" \/>\n<meta name=\"twitter:card\" content=\"summary_large_image\" \/>\n<script type=\"application\/ld+json\" class=\"yoast-schema-graph\">{\"@context\":\"https:\/\/schema.org\",\"@graph\":[{\"@type\":\"WebPage\",\"@id\":\"https:\/\/zivo.se\/personlig-traning\/yoga-rorklighetstraning\/\",\"url\":\"https:\/\/zivo.se\/personlig-traning\/yoga-rorklighetstraning\/\",\"name\":\"Yoga\/R\u00f6rklighetstr\u00e4ning - Zivo\",\"isPartOf\":{\"@id\":\"https:\/\/zivo.se\/#website\"},\"primaryImageOfPage\":{\"@id\":\"https:\/\/zivo.se\/personlig-traning\/yoga-rorklighetstraning\/#primaryimage\"},\"image\":{\"@id\":\"https:\/\/zivo.se\/personlig-traning\/yoga-rorklighetstraning\/#primaryimage\"},\"thumbnailUrl\":\"http:\/\/zivo.hemhosting.se\/wp-content\/uploads\/2021\/11\/zivo-yoga.jpg\",\"datePublished\":\"2021-11-11T10:10:04+00:00\",\"dateModified\":\"2021-11-18T15:11:54+00:00\",\"breadcrumb\":{\"@id\":\"https:\/\/zivo.se\/personlig-traning\/yoga-rorklighetstraning\/#breadcrumb\"},\"inLanguage\":\"en-GB\",\"potentialAction\":[{\"@type\":\"ReadAction\",\"target\":[\"https:\/\/zivo.se\/personlig-traning\/yoga-rorklighetstraning\/\"]}]},{\"@type\":\"ImageObject\",\"inLanguage\":\"en-GB\",\"@id\":\"https:\/\/zivo.se\/personlig-traning\/yoga-rorklighetstraning\/#primaryimage\",\"url\":\"http:\/\/zivo.hemhosting.se\/wp-content\/uploads\/2021\/11\/zivo-yoga.jpg\",\"contentUrl\":\"http:\/\/zivo.hemhosting.se\/wp-content\/uploads\/2021\/11\/zivo-yoga.jpg\"},{\"@type\":\"BreadcrumbList\",\"@id\":\"https:\/\/zivo.se\/personlig-traning\/yoga-rorklighetstraning\/#breadcrumb\",\"itemListElement\":[{\"@type\":\"ListItem\",\"position\":1,\"name\":\"Hem\",\"item\":\"https:\/\/zivo.se\/\"},{\"@type\":\"ListItem\",\"position\":2,\"name\":\"Personlig tr\u00e4ning\",\"item\":\"https:\/\/zivo.se\/personlig-traning\/\"},{\"@type\":\"ListItem\",\"position\":3,\"name\":\"Yoga\/R\u00f6rklighetstr\u00e4ning\"}]},{\"@type\":\"WebSite\",\"@id\":\"https:\/\/zivo.se\/#website\",\"url\":\"https:\/\/zivo.se\/\",\"name\":\"Zivo\",\"description\":\"Personlig tr\u00e4ning och kostr\u00e5dgivning\",\"potentialAction\":[{\"@type\":\"SearchAction\",\"target\":{\"@type\":\"EntryPoint\",\"urlTemplate\":\"https:\/\/zivo.se\/?s={search_term_string}\"},\"query-input\":{\"@type\":\"PropertyValueSpecification\",\"valueRequired\":true,\"valueName\":\"search_term_string\"}}],\"inLanguage\":\"en-GB\"}]}<\/script>\n<!-- \/ Yoast SEO plugin. -->","yoast_head_json":{"title":"Yoga\/R\u00f6rklighetstr\u00e4ning - Zivo","robots":{"index":"index","follow":"follow","max-snippet":"max-snippet:-1","max-image-preview":"max-image-preview:large","max-video-preview":"max-video-preview:-1"},"canonical":"https:\/\/zivo.se\/en\/personlig-traning\/yoga-rorklighetstraning\/","og_locale":"en_GB","og_type":"article","og_title":"Yoga\/R\u00f6rklighetstr\u00e4ning - Zivo","og_description":"personlig tr\u00e4ning YOGA\/ R\u00d6RLIGHETSTR\u00c4NING\u200b Nonsecti officab ius utam at. Maiorer ibusdaest rem eos a volorro duciist, con custius aperciatus.Vellore volum quibus natem vent dolorro quo dolor a et officias ut acessunt voleseq\u00a0 reperiaeris vendem ra ipsamendia sequate mperibus audipsa peliqui solorpo riscia nis quas es qui a doluptae.Consenda in estius aut optat invelenimus!Nem nonseque nonsequ [&hellip;]","og_url":"https:\/\/zivo.se\/en\/personlig-traning\/yoga-rorklighetstraning\/","og_site_name":"Zivo","article_modified_time":"2021-11-18T15:11:54+00:00","og_image":[{"url":"http:\/\/zivo.hemhosting.se\/wp-content\/uploads\/2021\/11\/zivo-yoga.jpg","type":"","width":"","height":""}],"twitter_card":"summary_large_image","schema":{"@context":"https:\/\/schema.org","@graph":[{"@type":"WebPage","@id":"https:\/\/zivo.se\/personlig-traning\/yoga-rorklighetstraning\/","url":"https:\/\/zivo.se\/personlig-traning\/yoga-rorklighetstraning\/","name":"Yoga\/R\u00f6rklighetstr\u00e4ning - Zivo","isPartOf":{"@id":"https:\/\/zivo.se\/#website"},"primaryImageOfPage":{"@id":"https:\/\/zivo.se\/personlig-traning\/yoga-rorklighetstraning\/#primaryimage"},"image":{"@id":"https:\/\/zivo.se\/personlig-traning\/yoga-rorklighetstraning\/#primaryimage"},"thumbnailUrl":"http:\/\/zivo.hemhosting.se\/wp-content\/uploads\/2021\/11\/zivo-yoga.jpg","datePublished":"2021-11-11T10:10:04+00:00","dateModified":"2021-11-18T15:11:54+00:00","breadcrumb":{"@id":"https:\/\/zivo.se\/personlig-traning\/yoga-rorklighetstraning\/#breadcrumb"},"inLanguage":"en-GB","potentialAction":[{"@type":"ReadAction","target":["https:\/\/zivo.se\/personlig-traning\/yoga-rorklighetstraning\/"]}]},{"@type":"ImageObject","inLanguage":"en-GB","@id":"https:\/\/zivo.se\/personlig-traning\/yoga-rorklighetstraning\/#primaryimage","url":"http:\/\/zivo.hemhosting.se\/wp-content\/uploads\/2021\/11\/zivo-yoga.jpg","contentUrl":"http:\/\/zivo.hemhosting.se\/wp-content\/uploads\/2021\/11\/zivo-yoga.jpg"},{"@type":"BreadcrumbList","@id":"https:\/\/zivo.se\/personlig-traning\/yoga-rorklighetstraning\/#breadcrumb","itemListElement":[{"@type":"ListItem","position":1,"name":"Hem","item":"https:\/\/zivo.se\/"},{"@type":"ListItem","position":2,"name":"Personlig tr\u00e4ning","item":"https:\/\/zivo.se\/personlig-traning\/"},{"@type":"ListItem","position":3,"name":"Yoga\/R\u00f6rklighetstr\u00e4ning"}]},{"@type":"WebSite","@id":"https:\/\/zivo.se\/#website","url":"https:\/\/zivo.se\/","name":"Zivo","description":"Personlig tr\u00e4ning och kostr\u00e5dgivning","potentialAction":[{"@type":"SearchAction","target":{"@type":"EntryPoint","urlTemplate":"https:\/\/zivo.se\/?s={search_term_string}"},"query-input":{"@type":"PropertyValueSpecification","valueRequired":true,"valueName":"search_term_string"}}],"inLanguage":"en-GB"}]}},"_links":{"self":[{"href":"https:\/\/zivo.se\/en\/wp-json\/wp\/v2\/pages\/799","targetHints":{"allow":["GET"]}}],"collection":[{"href":"https:\/\/zivo.se\/en\/wp-json\/wp\/v2\/pages"}],"about":[{"href":"https:\/\/zivo.se\/en\/wp-json\/wp\/v2\/types\/page"}],"author":[{"embeddable":true,"href":"https:\/\/zivo.se\/en\/wp-json\/wp\/v2\/users\/1"}],"replies":[{"embeddable":true,"href":"https:\/\/zivo.se\/en\/wp-json\/wp\/v2\/comments?post=799"}],"version-history":[{"count":7,"href":"https:\/\/zivo.se\/en\/wp-json\/wp\/v2\/pages\/799\/revisions"}],"predecessor-version":[{"id":1140,"href":"https:\/\/zivo.se\/en\/wp-json\/wp\/v2\/pages\/799\/revisions\/1140"}],"up":[{"embeddable":true,"href":"https:\/\/zivo.se\/en\/wp-json\/wp\/v2\/pages\/56"}],"wp:attachment":[{"href":"https:\/\/zivo.se\/en\/wp-json\/wp\/v2\/media?parent=799"}],"curies":[{"name":"wp","href":"https:\/\/api.w.org\/{rel}","templated":true}]}}