{"id":60,"date":"2021-10-26T08:35:41","date_gmt":"2021-10-26T06:35:41","guid":{"rendered":"http:\/\/zivo.hemhosting.se\/?page_id=60"},"modified":"2022-03-04T13:08:32","modified_gmt":"2022-03-04T12:08:32","slug":"om-oss","status":"publish","type":"page","link":"https:\/\/zivo.se\/en\/om-oss\/","title":{"rendered":"About Us"},"content":{"rendered":"<div data-elementor-type=\"wp-page\" data-elementor-id=\"60\" class=\"elementor elementor-60\" data-elementor-post-type=\"page\">\n\t\t\t\t\t\t<section class=\"elementor-section elementor-top-section elementor-element elementor-element-ec55211 elementor-section-height-min-height head2 elementor-section-full_width elementor-section-height-default elementor-section-items-middle\" data-id=\"ec55211\" data-element_type=\"section\" data-settings=\"{&quot;background_background&quot;:&quot;classic&quot;}\">\n\t\t\t\t\t\t<div class=\"elementor-container elementor-column-gap-default\">\n\t\t\t\t\t<div class=\"elementor-column elementor-col-100 elementor-top-column elementor-element elementor-element-e6326f8\" data-id=\"e6326f8\" data-element_type=\"column\" data-settings=\"{&quot;background_background&quot;:&quot;classic&quot;}\">\n\t\t\t<div class=\"elementor-widget-wrap elementor-element-populated\">\n\t\t\t\t\t<div class=\"elementor-background-overlay\"><\/div>\n\t\t\t\t\t\t<section class=\"elementor-section elementor-inner-section elementor-element elementor-element-017b7e1 elementor-section-content-middle elementor-section-height-min-height elementor-section-boxed elementor-section-height-default\" data-id=\"017b7e1\" data-element_type=\"section\">\n\t\t\t\t\t\t<div class=\"elementor-container elementor-column-gap-default\">\n\t\t\t\t\t<div class=\"elementor-column elementor-col-100 elementor-inner-column elementor-element elementor-element-22df5d8\" data-id=\"22df5d8\" data-element_type=\"column\">\n\t\t\t<div class=\"elementor-widget-wrap elementor-element-populated\">\n\t\t\t\t\t\t<div class=\"elementor-element elementor-element-3297822 elementor-widget elementor-widget-heading\" data-id=\"3297822\" data-element_type=\"widget\" data-widget_type=\"heading.default\">\n\t\t\t\t<div class=\"elementor-widget-container\">\n\t\t\t\t\t<h1 class=\"elementor-heading-title elementor-size-default\">About Us<\/h1>\t\t\t\t<\/div>\n\t\t\t\t<\/div>\n\t\t\t\t<div class=\"elementor-element elementor-element-277089a elementor-widget elementor-widget-menu-anchor\" data-id=\"277089a\" data-element_type=\"widget\" data-widget_type=\"menu-anchor.default\">\n\t\t\t\t<div class=\"elementor-widget-container\">\n\t\t\t\t\t\t\t<div class=\"elementor-menu-anchor\" id=\"omoss\"><\/div>\n\t\t\t\t\t\t<\/div>\n\t\t\t\t<\/div>\n\t\t\t\t\t<\/div>\n\t\t<\/div>\n\t\t\t\t\t<\/div>\n\t\t<\/section>\n\t\t\t\t\t<\/div>\n\t\t<\/div>\n\t\t\t\t\t<\/div>\n\t\t<\/section>\n\t\t\t\t<section class=\"elementor-section elementor-top-section elementor-element elementor-element-b29a7c4 elementor-section-boxed elementor-section-height-default elementor-section-height-default\" data-id=\"b29a7c4\" data-element_type=\"section\" data-settings=\"{&quot;background_background&quot;:&quot;classic&quot;}\">\n\t\t\t\t\t\t<div class=\"elementor-container elementor-column-gap-default\">\n\t\t\t\t\t<div class=\"elementor-column elementor-col-100 elementor-top-column elementor-element elementor-element-1f8a8b9\" data-id=\"1f8a8b9\" data-element_type=\"column\" data-settings=\"{&quot;background_background&quot;:&quot;classic&quot;}\">\n\t\t\t<div class=\"elementor-widget-wrap elementor-element-populated\">\n\t\t\t\t\t\t<section class=\"elementor-section elementor-inner-section elementor-element elementor-element-d8d660e elementor-section-full_width elementor-section-height-default elementor-section-height-default\" data-id=\"d8d660e\" data-element_type=\"section\" data-settings=\"{&quot;background_background&quot;:&quot;classic&quot;}\">\n\t\t\t\t\t\t<div class=\"elementor-container elementor-column-gap-default\">\n\t\t\t\t\t<div class=\"elementor-column elementor-col-50 elementor-inner-column elementor-element elementor-element-bdd958f\" data-id=\"bdd958f\" data-element_type=\"column\">\n\t\t\t<div class=\"elementor-widget-wrap elementor-element-populated\">\n\t\t\t\t\t\t<div class=\"elementor-element elementor-element-7a859ad elementor-widget elementor-widget-text-editor\" data-id=\"7a859ad\" data-element_type=\"widget\" data-widget_type=\"text-editor.default\">\n\t\t\t\t<div class=\"elementor-widget-container\">\n\t\t\t\t\t\t\t\t\t<p>Zivo AB was established in 2021 with the goal of getting more people to feel good and live a healthier life. Many people have the ambition and will to make changes in their life, but don\u2019t have the right conditions, tools or possibilities to go to a place where they can get help.<\/p><p>With us you will be able to train anywhere. We have facilities in central Gothenburg and Landvetter, but are flexible to meet you at home, outside or Online.<\/p><p>The word Zivo means to live. To live a healthy and active life where you can move freely without pain, be able to do all your chores and have energy and strength left for what matters the most. The feeling of being strong and invincible.<\/p><p>Health and wellbeing are very important to us and we will do our utmost for you to achieve your goal.<\/p><p>Together we will take one step at a time, celebrate sub-goals, improve your self-esteem, and make you feel strong and invincible.<\/p><p>Welcome to Zivo and your new journey!<\/p>\t\t\t\t\t\t\t\t<\/div>\n\t\t\t\t<\/div>\n\t\t\t\t\t<\/div>\n\t\t<\/div>\n\t\t\t\t<div class=\"elementor-column elementor-col-50 elementor-inner-column elementor-element elementor-element-9c8b9a9\" data-id=\"9c8b9a9\" data-element_type=\"column\">\n\t\t\t<div class=\"elementor-widget-wrap elementor-element-populated\">\n\t\t\t\t\t\t<div class=\"elementor-element elementor-element-52bcb96 elementor-widget elementor-widget-image\" data-id=\"52bcb96\" data-element_type=\"widget\" data-widget_type=\"image.default\">\n\t\t\t\t<div class=\"elementor-widget-container\">\n\t\t\t\t\t\t\t\t\t\t\t\t\t\t\t<img fetchpriority=\"high\" decoding=\"async\" width=\"720\" height=\"560\" src=\"https:\/\/zivo.se\/wp-content\/uploads\/2021\/11\/zivo-om-oss.jpg\" class=\"attachment-large size-large wp-image-375\" alt=\"\" srcset=\"https:\/\/zivo.se\/wp-content\/uploads\/2021\/11\/zivo-om-oss.jpg 720w, https:\/\/zivo.se\/wp-content\/uploads\/2021\/11\/zivo-om-oss-300x233.jpg 300w, https:\/\/zivo.se\/wp-content\/uploads\/2021\/11\/zivo-om-oss-600x467.jpg 600w\" sizes=\"(max-width: 720px) 100vw, 720px\" \/>\t\t\t\t\t\t\t\t\t\t\t\t\t\t\t<\/div>\n\t\t\t\t<\/div>\n\t\t\t\t\t<\/div>\n\t\t<\/div>\n\t\t\t\t\t<\/div>\n\t\t<\/section>\n\t\t\t\t\t<\/div>\n\t\t<\/div>\n\t\t\t\t\t<\/div>\n\t\t<\/section>\n\t\t\t\t<\/div>","protected":false},"excerpt":{"rendered":"<p>Om oss Zivo AB bildades under 2021 med m\u00e5ls\u00e4ttningen att f\u00e5 fler m\u00e4nniskor att m\u00e5 bra och leva ett h\u00e4lsosammare liv. M\u00e5nga har ambitionen och viljan till att g\u00f6ra en f\u00f6r\u00e4ndring, men har inte r\u00e4tt f\u00f6ruts\u00e4ttningar, r\u00e4tt verktyg eller m\u00f6jlighet att ta sig till en plats d\u00e4r man kan f\u00e5 hj\u00e4lp.Med oss kan du tr\u00e4na [&hellip;]<\/p>","protected":false},"author":1,"featured_media":0,"parent":0,"menu_order":0,"comment_status":"closed","ping_status":"closed","template":"","meta":{"_acf_changed":false,"footnotes":""},"class_list":["post-60","page","type-page","status-publish","hentry"],"acf":[],"yoast_head":"<!-- This site is optimized with the Yoast SEO plugin v26.8 - https:\/\/yoast.com\/product\/yoast-seo-wordpress\/ -->\n<title>Om oss - Zivo<\/title>\n<meta name=\"robots\" content=\"index, follow, max-snippet:-1, max-image-preview:large, max-video-preview:-1\" \/>\n<link rel=\"canonical\" href=\"https:\/\/zivo.se\/en\/om-oss\/\" \/>\n<meta property=\"og:locale\" content=\"en_GB\" \/>\n<meta property=\"og:type\" content=\"article\" \/>\n<meta property=\"og:title\" content=\"Om oss - Zivo\" \/>\n<meta property=\"og:description\" content=\"Om oss Zivo AB bildades under 2021 med m\u00e5ls\u00e4ttningen att f\u00e5 fler m\u00e4nniskor att m\u00e5 bra och leva ett h\u00e4lsosammare liv. M\u00e5nga har ambitionen och viljan till att g\u00f6ra en f\u00f6r\u00e4ndring, men har inte r\u00e4tt f\u00f6ruts\u00e4ttningar, r\u00e4tt verktyg eller m\u00f6jlighet att ta sig till en plats d\u00e4r man kan f\u00e5 hj\u00e4lp.Med oss kan du tr\u00e4na [&hellip;]\" \/>\n<meta property=\"og:url\" content=\"https:\/\/zivo.se\/en\/om-oss\/\" \/>\n<meta property=\"og:site_name\" content=\"Zivo\" \/>\n<meta property=\"article:modified_time\" content=\"2022-03-04T12:08:32+00:00\" \/>\n<meta property=\"og:image\" content=\"https:\/\/zivo.se\/wp-content\/uploads\/2021\/11\/zivo-om-oss.jpg\" \/>\n\t<meta property=\"og:image:width\" content=\"720\" \/>\n\t<meta property=\"og:image:height\" content=\"560\" \/>\n\t<meta property=\"og:image:type\" content=\"image\/jpeg\" \/>\n<meta name=\"twitter:card\" content=\"summary_large_image\" \/>\n<meta name=\"twitter:label1\" content=\"Estimated reading time\" \/>\n\t<meta name=\"twitter:data1\" content=\"1 minute\" \/>\n<script type=\"application\/ld+json\" class=\"yoast-schema-graph\">{\"@context\":\"https:\/\/schema.org\",\"@graph\":[{\"@type\":\"WebPage\",\"@id\":\"https:\/\/zivo.se\/om-oss\/\",\"url\":\"https:\/\/zivo.se\/om-oss\/\",\"name\":\"Om oss - Zivo\",\"isPartOf\":{\"@id\":\"https:\/\/zivo.se\/#website\"},\"primaryImageOfPage\":{\"@id\":\"https:\/\/zivo.se\/om-oss\/#primaryimage\"},\"image\":{\"@id\":\"https:\/\/zivo.se\/om-oss\/#primaryimage\"},\"thumbnailUrl\":\"https:\/\/zivo.se\/wp-content\/uploads\/2021\/11\/zivo-om-oss.jpg\",\"datePublished\":\"2021-10-26T06:35:41+00:00\",\"dateModified\":\"2022-03-04T12:08:32+00:00\",\"breadcrumb\":{\"@id\":\"https:\/\/zivo.se\/om-oss\/#breadcrumb\"},\"inLanguage\":\"en-GB\",\"potentialAction\":[{\"@type\":\"ReadAction\",\"target\":[\"https:\/\/zivo.se\/om-oss\/\"]}]},{\"@type\":\"ImageObject\",\"inLanguage\":\"en-GB\",\"@id\":\"https:\/\/zivo.se\/om-oss\/#primaryimage\",\"url\":\"https:\/\/zivo.se\/wp-content\/uploads\/2021\/11\/zivo-om-oss.jpg\",\"contentUrl\":\"https:\/\/zivo.se\/wp-content\/uploads\/2021\/11\/zivo-om-oss.jpg\"},{\"@type\":\"BreadcrumbList\",\"@id\":\"https:\/\/zivo.se\/om-oss\/#breadcrumb\",\"itemListElement\":[{\"@type\":\"ListItem\",\"position\":1,\"name\":\"Hem\",\"item\":\"https:\/\/zivo.se\/\"},{\"@type\":\"ListItem\",\"position\":2,\"name\":\"Om oss\"}]},{\"@type\":\"WebSite\",\"@id\":\"https:\/\/zivo.se\/#website\",\"url\":\"https:\/\/zivo.se\/\",\"name\":\"Zivo\",\"description\":\"Personlig tr\u00e4ning och kostr\u00e5dgivning\",\"potentialAction\":[{\"@type\":\"SearchAction\",\"target\":{\"@type\":\"EntryPoint\",\"urlTemplate\":\"https:\/\/zivo.se\/?s={search_term_string}\"},\"query-input\":{\"@type\":\"PropertyValueSpecification\",\"valueRequired\":true,\"valueName\":\"search_term_string\"}}],\"inLanguage\":\"en-GB\"}]}<\/script>\n<!-- \/ Yoast SEO plugin. -->","yoast_head_json":{"title":"Om oss - Zivo","robots":{"index":"index","follow":"follow","max-snippet":"max-snippet:-1","max-image-preview":"max-image-preview:large","max-video-preview":"max-video-preview:-1"},"canonical":"https:\/\/zivo.se\/en\/om-oss\/","og_locale":"en_GB","og_type":"article","og_title":"Om oss - Zivo","og_description":"Om oss Zivo AB bildades under 2021 med m\u00e5ls\u00e4ttningen att f\u00e5 fler m\u00e4nniskor att m\u00e5 bra och leva ett h\u00e4lsosammare liv. M\u00e5nga har ambitionen och viljan till att g\u00f6ra en f\u00f6r\u00e4ndring, men har inte r\u00e4tt f\u00f6ruts\u00e4ttningar, r\u00e4tt verktyg eller m\u00f6jlighet att ta sig till en plats d\u00e4r man kan f\u00e5 hj\u00e4lp.Med oss kan du tr\u00e4na [&hellip;]","og_url":"https:\/\/zivo.se\/en\/om-oss\/","og_site_name":"Zivo","article_modified_time":"2022-03-04T12:08:32+00:00","og_image":[{"width":720,"height":560,"url":"https:\/\/zivo.se\/wp-content\/uploads\/2021\/11\/zivo-om-oss.jpg","type":"image\/jpeg"}],"twitter_card":"summary_large_image","twitter_misc":{"Estimated reading time":"1 minute"},"schema":{"@context":"https:\/\/schema.org","@graph":[{"@type":"WebPage","@id":"https:\/\/zivo.se\/om-oss\/","url":"https:\/\/zivo.se\/om-oss\/","name":"Om oss - Zivo","isPartOf":{"@id":"https:\/\/zivo.se\/#website"},"primaryImageOfPage":{"@id":"https:\/\/zivo.se\/om-oss\/#primaryimage"},"image":{"@id":"https:\/\/zivo.se\/om-oss\/#primaryimage"},"thumbnailUrl":"https:\/\/zivo.se\/wp-content\/uploads\/2021\/11\/zivo-om-oss.jpg","datePublished":"2021-10-26T06:35:41+00:00","dateModified":"2022-03-04T12:08:32+00:00","breadcrumb":{"@id":"https:\/\/zivo.se\/om-oss\/#breadcrumb"},"inLanguage":"en-GB","potentialAction":[{"@type":"ReadAction","target":["https:\/\/zivo.se\/om-oss\/"]}]},{"@type":"ImageObject","inLanguage":"en-GB","@id":"https:\/\/zivo.se\/om-oss\/#primaryimage","url":"https:\/\/zivo.se\/wp-content\/uploads\/2021\/11\/zivo-om-oss.jpg","contentUrl":"https:\/\/zivo.se\/wp-content\/uploads\/2021\/11\/zivo-om-oss.jpg"},{"@type":"BreadcrumbList","@id":"https:\/\/zivo.se\/om-oss\/#breadcrumb","itemListElement":[{"@type":"ListItem","position":1,"name":"Hem","item":"https:\/\/zivo.se\/"},{"@type":"ListItem","position":2,"name":"Om oss"}]},{"@type":"WebSite","@id":"https:\/\/zivo.se\/#website","url":"https:\/\/zivo.se\/","name":"Zivo","description":"Personlig tr\u00e4ning och kostr\u00e5dgivning","potentialAction":[{"@type":"SearchAction","target":{"@type":"EntryPoint","urlTemplate":"https:\/\/zivo.se\/?s={search_term_string}"},"query-input":{"@type":"PropertyValueSpecification","valueRequired":true,"valueName":"search_term_string"}}],"inLanguage":"en-GB"}]}},"_links":{"self":[{"href":"https:\/\/zivo.se\/en\/wp-json\/wp\/v2\/pages\/60","targetHints":{"allow":["GET"]}}],"collection":[{"href":"https:\/\/zivo.se\/en\/wp-json\/wp\/v2\/pages"}],"about":[{"href":"https:\/\/zivo.se\/en\/wp-json\/wp\/v2\/types\/page"}],"author":[{"embeddable":true,"href":"https:\/\/zivo.se\/en\/wp-json\/wp\/v2\/users\/1"}],"replies":[{"embeddable":true,"href":"https:\/\/zivo.se\/en\/wp-json\/wp\/v2\/comments?post=60"}],"version-history":[{"count":133,"href":"https:\/\/zivo.se\/en\/wp-json\/wp\/v2\/pages\/60\/revisions"}],"predecessor-version":[{"id":4011,"href":"https:\/\/zivo.se\/en\/wp-json\/wp\/v2\/pages\/60\/revisions\/4011"}],"wp:attachment":[{"href":"https:\/\/zivo.se\/en\/wp-json\/wp\/v2\/media?parent=60"}],"curies":[{"name":"wp","href":"https:\/\/api.w.org\/{rel}","templated":true}]}}