{"id":3900,"date":"2022-02-16T14:20:41","date_gmt":"2022-02-16T13:20:41","guid":{"rendered":"https:\/\/zivo.se\/?page_id=3900"},"modified":"2022-02-16T14:30:36","modified_gmt":"2022-02-16T13:30:36","slug":"frageformular","status":"publish","type":"page","link":"https:\/\/zivo.se\/en\/frageformular\/","title":{"rendered":"Fr\u00e5geformul\u00e4r"},"content":{"rendered":"<div data-elementor-type=\"wp-page\" data-elementor-id=\"3900\" class=\"elementor elementor-3900\" data-elementor-post-type=\"page\">\n\t\t\t\t\t\t<section class=\"elementor-section elementor-top-section elementor-element elementor-element-baf0f1b elementor-section-boxed elementor-section-height-default elementor-section-height-default\" data-id=\"baf0f1b\" data-element_type=\"section\">\n\t\t\t\t\t\t<div class=\"elementor-container elementor-column-gap-default\">\n\t\t\t\t\t<div class=\"elementor-column elementor-col-50 elementor-top-column elementor-element elementor-element-d65a640\" data-id=\"d65a640\" data-element_type=\"column\">\n\t\t\t<div class=\"elementor-widget-wrap elementor-element-populated\">\n\t\t\t\t\t\t<div class=\"elementor-element elementor-element-d9afbb4 elementor-widget elementor-widget-heading\" data-id=\"d9afbb4\" data-element_type=\"widget\" data-widget_type=\"heading.default\">\n\t\t\t\t<div class=\"elementor-widget-container\">\n\t\t\t\t\t<h2 class=\"elementor-heading-title elementor-size-default\">Fr\u00e5geformul\u00e4r \nkommer inom kort.<\/h2>\t\t\t\t<\/div>\n\t\t\t\t<\/div>\n\t\t\t\t\t<\/div>\n\t\t<\/div>\n\t\t\t\t<div class=\"elementor-column elementor-col-50 elementor-top-column elementor-element elementor-element-b8e0f47\" data-id=\"b8e0f47\" data-element_type=\"column\">\n\t\t\t<div class=\"elementor-widget-wrap elementor-element-populated\">\n\t\t\t\t\t\t<div class=\"elementor-element elementor-element-faac471 elementor-widget elementor-widget-image\" data-id=\"faac471\" data-element_type=\"widget\" data-widget_type=\"image.default\">\n\t\t\t\t<div class=\"elementor-widget-container\">\n\t\t\t\t\t\t\t\t\t\t\t\t\t\t\t<img fetchpriority=\"high\" decoding=\"async\" width=\"800\" height=\"911\" src=\"https:\/\/zivo.se\/wp-content\/uploads\/2022\/01\/hero-mobil-899x1024.jpg\" class=\"attachment-large size-large wp-image-2985\" alt=\"\" srcset=\"https:\/\/zivo.se\/wp-content\/uploads\/2022\/01\/hero-mobil-899x1024.jpg 899w, https:\/\/zivo.se\/wp-content\/uploads\/2022\/01\/hero-mobil-263x300.jpg 263w, https:\/\/zivo.se\/wp-content\/uploads\/2022\/01\/hero-mobil-768x875.jpg 768w, https:\/\/zivo.se\/wp-content\/uploads\/2022\/01\/hero-mobil-11x12.jpg 11w, https:\/\/zivo.se\/wp-content\/uploads\/2022\/01\/hero-mobil-600x684.jpg 600w, https:\/\/zivo.se\/wp-content\/uploads\/2022\/01\/hero-mobil.jpg 1200w\" sizes=\"(max-width: 800px) 100vw, 800px\" \/>\t\t\t\t\t\t\t\t\t\t\t\t\t\t\t<\/div>\n\t\t\t\t<\/div>\n\t\t\t\t\t<\/div>\n\t\t<\/div>\n\t\t\t\t\t<\/div>\n\t\t<\/section>\n\t\t\t\t<\/div>","protected":false},"excerpt":{"rendered":"<p>Fr\u00e5geformul\u00e4r kommer inom kort.<\/p>","protected":false},"author":1,"featured_media":0,"parent":0,"menu_order":0,"comment_status":"closed","ping_status":"closed","template":"","meta":{"_acf_changed":false,"footnotes":""},"class_list":["post-3900","page","type-page","status-publish","hentry"],"acf":[],"yoast_head":"<!-- This site is optimized with the Yoast SEO plugin v26.8 - https:\/\/yoast.com\/product\/yoast-seo-wordpress\/ -->\n<title>Fr\u00e5geformul\u00e4r - Zivo<\/title>\n<meta name=\"robots\" content=\"index, follow, max-snippet:-1, max-image-preview:large, max-video-preview:-1\" \/>\n<link rel=\"canonical\" href=\"https:\/\/zivo.se\/en\/frageformular\/\" \/>\n<meta property=\"og:locale\" content=\"en_GB\" \/>\n<meta property=\"og:type\" content=\"article\" \/>\n<meta property=\"og:title\" content=\"Fr\u00e5geformul\u00e4r - Zivo\" \/>\n<meta property=\"og:description\" content=\"Fr\u00e5geformul\u00e4r kommer inom kort.\" \/>\n<meta property=\"og:url\" content=\"https:\/\/zivo.se\/en\/frageformular\/\" \/>\n<meta property=\"og:site_name\" content=\"Zivo\" \/>\n<meta property=\"article:modified_time\" content=\"2022-02-16T13:30:36+00:00\" \/>\n<meta property=\"og:image\" content=\"https:\/\/zivo.se\/wp-content\/uploads\/2022\/01\/hero-mobil.jpg\" \/>\n\t<meta property=\"og:image:width\" content=\"1200\" \/>\n\t<meta property=\"og:image:height\" content=\"1367\" \/>\n\t<meta property=\"og:image:type\" content=\"image\/jpeg\" \/>\n<meta name=\"twitter:card\" content=\"summary_large_image\" \/>\n<script type=\"application\/ld+json\" class=\"yoast-schema-graph\">{\"@context\":\"https:\/\/schema.org\",\"@graph\":[{\"@type\":\"WebPage\",\"@id\":\"https:\/\/zivo.se\/frageformular\/\",\"url\":\"https:\/\/zivo.se\/frageformular\/\",\"name\":\"Fr\u00e5geformul\u00e4r - Zivo\",\"isPartOf\":{\"@id\":\"https:\/\/zivo.se\/#website\"},\"primaryImageOfPage\":{\"@id\":\"https:\/\/zivo.se\/frageformular\/#primaryimage\"},\"image\":{\"@id\":\"https:\/\/zivo.se\/frageformular\/#primaryimage\"},\"thumbnailUrl\":\"https:\/\/zivo.se\/wp-content\/uploads\/2022\/01\/hero-mobil-899x1024.jpg\",\"datePublished\":\"2022-02-16T13:20:41+00:00\",\"dateModified\":\"2022-02-16T13:30:36+00:00\",\"breadcrumb\":{\"@id\":\"https:\/\/zivo.se\/frageformular\/#breadcrumb\"},\"inLanguage\":\"en-GB\",\"potentialAction\":[{\"@type\":\"ReadAction\",\"target\":[\"https:\/\/zivo.se\/frageformular\/\"]}]},{\"@type\":\"ImageObject\",\"inLanguage\":\"en-GB\",\"@id\":\"https:\/\/zivo.se\/frageformular\/#primaryimage\",\"url\":\"https:\/\/zivo.se\/wp-content\/uploads\/2022\/01\/hero-mobil-899x1024.jpg\",\"contentUrl\":\"https:\/\/zivo.se\/wp-content\/uploads\/2022\/01\/hero-mobil-899x1024.jpg\"},{\"@type\":\"BreadcrumbList\",\"@id\":\"https:\/\/zivo.se\/frageformular\/#breadcrumb\",\"itemListElement\":[{\"@type\":\"ListItem\",\"position\":1,\"name\":\"Hem\",\"item\":\"https:\/\/zivo.se\/\"},{\"@type\":\"ListItem\",\"position\":2,\"name\":\"Fr\u00e5geformul\u00e4r\"}]},{\"@type\":\"WebSite\",\"@id\":\"https:\/\/zivo.se\/#website\",\"url\":\"https:\/\/zivo.se\/\",\"name\":\"Zivo\",\"description\":\"Personlig tr\u00e4ning och kostr\u00e5dgivning\",\"potentialAction\":[{\"@type\":\"SearchAction\",\"target\":{\"@type\":\"EntryPoint\",\"urlTemplate\":\"https:\/\/zivo.se\/?s={search_term_string}\"},\"query-input\":{\"@type\":\"PropertyValueSpecification\",\"valueRequired\":true,\"valueName\":\"search_term_string\"}}],\"inLanguage\":\"en-GB\"}]}<\/script>\n<!-- \/ Yoast SEO plugin. -->","yoast_head_json":{"title":"Fr\u00e5geformul\u00e4r - Zivo","robots":{"index":"index","follow":"follow","max-snippet":"max-snippet:-1","max-image-preview":"max-image-preview:large","max-video-preview":"max-video-preview:-1"},"canonical":"https:\/\/zivo.se\/en\/frageformular\/","og_locale":"en_GB","og_type":"article","og_title":"Fr\u00e5geformul\u00e4r - Zivo","og_description":"Fr\u00e5geformul\u00e4r kommer inom kort.","og_url":"https:\/\/zivo.se\/en\/frageformular\/","og_site_name":"Zivo","article_modified_time":"2022-02-16T13:30:36+00:00","og_image":[{"width":1200,"height":1367,"url":"https:\/\/zivo.se\/wp-content\/uploads\/2022\/01\/hero-mobil.jpg","type":"image\/jpeg"}],"twitter_card":"summary_large_image","schema":{"@context":"https:\/\/schema.org","@graph":[{"@type":"WebPage","@id":"https:\/\/zivo.se\/frageformular\/","url":"https:\/\/zivo.se\/frageformular\/","name":"Fr\u00e5geformul\u00e4r - Zivo","isPartOf":{"@id":"https:\/\/zivo.se\/#website"},"primaryImageOfPage":{"@id":"https:\/\/zivo.se\/frageformular\/#primaryimage"},"image":{"@id":"https:\/\/zivo.se\/frageformular\/#primaryimage"},"thumbnailUrl":"https:\/\/zivo.se\/wp-content\/uploads\/2022\/01\/hero-mobil-899x1024.jpg","datePublished":"2022-02-16T13:20:41+00:00","dateModified":"2022-02-16T13:30:36+00:00","breadcrumb":{"@id":"https:\/\/zivo.se\/frageformular\/#breadcrumb"},"inLanguage":"en-GB","potentialAction":[{"@type":"ReadAction","target":["https:\/\/zivo.se\/frageformular\/"]}]},{"@type":"ImageObject","inLanguage":"en-GB","@id":"https:\/\/zivo.se\/frageformular\/#primaryimage","url":"https:\/\/zivo.se\/wp-content\/uploads\/2022\/01\/hero-mobil-899x1024.jpg","contentUrl":"https:\/\/zivo.se\/wp-content\/uploads\/2022\/01\/hero-mobil-899x1024.jpg"},{"@type":"BreadcrumbList","@id":"https:\/\/zivo.se\/frageformular\/#breadcrumb","itemListElement":[{"@type":"ListItem","position":1,"name":"Hem","item":"https:\/\/zivo.se\/"},{"@type":"ListItem","position":2,"name":"Fr\u00e5geformul\u00e4r"}]},{"@type":"WebSite","@id":"https:\/\/zivo.se\/#website","url":"https:\/\/zivo.se\/","name":"Zivo","description":"Personlig tr\u00e4ning och kostr\u00e5dgivning","potentialAction":[{"@type":"SearchAction","target":{"@type":"EntryPoint","urlTemplate":"https:\/\/zivo.se\/?s={search_term_string}"},"query-input":{"@type":"PropertyValueSpecification","valueRequired":true,"valueName":"search_term_string"}}],"inLanguage":"en-GB"}]}},"_links":{"self":[{"href":"https:\/\/zivo.se\/en\/wp-json\/wp\/v2\/pages\/3900","targetHints":{"allow":["GET"]}}],"collection":[{"href":"https:\/\/zivo.se\/en\/wp-json\/wp\/v2\/pages"}],"about":[{"href":"https:\/\/zivo.se\/en\/wp-json\/wp\/v2\/types\/page"}],"author":[{"embeddable":true,"href":"https:\/\/zivo.se\/en\/wp-json\/wp\/v2\/users\/1"}],"replies":[{"embeddable":true,"href":"https:\/\/zivo.se\/en\/wp-json\/wp\/v2\/comments?post=3900"}],"version-history":[{"count":16,"href":"https:\/\/zivo.se\/en\/wp-json\/wp\/v2\/pages\/3900\/revisions"}],"predecessor-version":[{"id":3919,"href":"https:\/\/zivo.se\/en\/wp-json\/wp\/v2\/pages\/3900\/revisions\/3919"}],"wp:attachment":[{"href":"https:\/\/zivo.se\/en\/wp-json\/wp\/v2\/media?parent=3900"}],"curies":[{"name":"wp","href":"https:\/\/api.w.org\/{rel}","templated":true}]}}