{"id":317,"date":"2021-11-01T09:06:28","date_gmt":"2021-11-01T08:06:28","guid":{"rendered":"http:\/\/zivo.hemhosting.se\/?page_id=317"},"modified":"2022-03-04T13:06:15","modified_gmt":"2022-03-04T12:06:15","slug":"coach","status":"publish","type":"page","link":"https:\/\/zivo.se\/en\/coach\/","title":{"rendered":"coach"},"content":{"rendered":"<div data-elementor-type=\"wp-page\" data-elementor-id=\"317\" class=\"elementor elementor-317\" data-elementor-post-type=\"page\">\n\t\t\t\t\t\t<section class=\"elementor-section elementor-top-section elementor-element elementor-element-57323c3 elementor-section-height-min-height head2 elementor-section-full_width elementor-section-height-default elementor-section-items-middle\" data-id=\"57323c3\" data-element_type=\"section\" id=\"hero\" data-settings=\"{&quot;background_background&quot;:&quot;classic&quot;}\">\n\t\t\t\t\t\t<div class=\"elementor-container elementor-column-gap-default\">\n\t\t\t\t\t<div class=\"elementor-column elementor-col-100 elementor-top-column elementor-element elementor-element-1a62f47\" data-id=\"1a62f47\" data-element_type=\"column\" data-settings=\"{&quot;background_background&quot;:&quot;classic&quot;}\">\n\t\t\t<div class=\"elementor-widget-wrap elementor-element-populated\">\n\t\t\t\t\t<div class=\"elementor-background-overlay\"><\/div>\n\t\t\t\t\t\t<section class=\"elementor-section elementor-inner-section elementor-element elementor-element-4e33ac0 elementor-section-content-middle elementor-section-height-min-height elementor-section-boxed elementor-section-height-default\" data-id=\"4e33ac0\" data-element_type=\"section\">\n\t\t\t\t\t\t<div class=\"elementor-container elementor-column-gap-default\">\n\t\t\t\t\t<div class=\"elementor-column elementor-col-100 elementor-inner-column elementor-element elementor-element-671ee26\" data-id=\"671ee26\" data-element_type=\"column\" data-settings=\"{&quot;background_background&quot;:&quot;classic&quot;}\">\n\t\t\t<div class=\"elementor-widget-wrap elementor-element-populated\">\n\t\t\t\t\t\t<div class=\"elementor-element elementor-element-fa626fa elementor-widget elementor-widget-heading\" data-id=\"fa626fa\" data-element_type=\"widget\" data-widget_type=\"heading.default\">\n\t\t\t\t<div class=\"elementor-widget-container\">\n\t\t\t\t\t<h1 class=\"elementor-heading-title elementor-size-default\">Coach<\/h1>\t\t\t\t<\/div>\n\t\t\t\t<\/div>\n\t\t\t\t\t<\/div>\n\t\t<\/div>\n\t\t\t\t\t<\/div>\n\t\t<\/section>\n\t\t\t\t\t<\/div>\n\t\t<\/div>\n\t\t\t\t\t<\/div>\n\t\t<\/section>\n\t\t\t\t<section class=\"elementor-section elementor-top-section elementor-element elementor-element-1be11be elementor-section-boxed elementor-section-height-default elementor-section-height-default\" data-id=\"1be11be\" data-element_type=\"section\" data-settings=\"{&quot;background_background&quot;:&quot;classic&quot;}\">\n\t\t\t\t\t\t<div class=\"elementor-container elementor-column-gap-default\">\n\t\t\t\t\t<div class=\"elementor-column elementor-col-100 elementor-top-column elementor-element elementor-element-d377704\" data-id=\"d377704\" data-element_type=\"column\" data-settings=\"{&quot;background_background&quot;:&quot;classic&quot;}\">\n\t\t\t<div class=\"elementor-widget-wrap elementor-element-populated\">\n\t\t\t\t\t\t<section class=\"elementor-section elementor-inner-section elementor-element elementor-element-1bc739a elementor-section-full_width elementor-section-height-default elementor-section-height-default\" data-id=\"1bc739a\" data-element_type=\"section\" data-settings=\"{&quot;background_background&quot;:&quot;classic&quot;}\">\n\t\t\t\t\t\t<div class=\"elementor-container elementor-column-gap-default\">\n\t\t\t\t\t<div class=\"elementor-column elementor-col-50 elementor-inner-column elementor-element elementor-element-7af4f16\" data-id=\"7af4f16\" data-element_type=\"column\">\n\t\t\t<div class=\"elementor-widget-wrap elementor-element-populated\">\n\t\t\t\t\t\t<div class=\"elementor-element elementor-element-a8045d9 elementor-widget elementor-widget-heading\" data-id=\"a8045d9\" data-element_type=\"widget\" data-widget_type=\"heading.default\">\n\t\t\t\t<div class=\"elementor-widget-container\">\n\t\t\t\t\t<h2 class=\"elementor-heading-title elementor-size-default\">Nakisa Gordani<\/h2>\t\t\t\t<\/div>\n\t\t\t\t<\/div>\n\t\t\t\t<div class=\"elementor-element elementor-element-ced09e3 elementor-widget elementor-widget-text-editor\" data-id=\"ced09e3\" data-element_type=\"widget\" data-widget_type=\"text-editor.default\">\n\t\t\t\t<div class=\"elementor-widget-container\">\n\t\t\t\t\t\t\t\t\t<p>I have worked as a coach since 2015 and have more than 15 years of experience within training and rehabilitation. I have previously worked at Nordic Wellness, Fysiken and RunAcademy as coach, nutritionist and instructor. Having an engineering background it is important for me that all training and information is based on science. I have experience in several sports and practice \/ have practiced the following: football, crossfit, gymnastics, OCR, tennis, paddle, running, cycling and swimming.<\/p>\n<p>During our sessions, your wellbeing will be in focus. I genuinely care about every person I coach and make sure you get that extra something from each session. Together, you will learn new things about your body and be impressed by what it can achieve with the right tools.<\/p>\t\t\t\t\t\t\t\t<\/div>\n\t\t\t\t<\/div>\n\t\t\t\t<div class=\"elementor-element elementor-element-9bd0eb6 elementor-widget elementor-widget-heading\" data-id=\"9bd0eb6\" data-element_type=\"widget\" data-widget_type=\"heading.default\">\n\t\t\t\t<div class=\"elementor-widget-container\">\n\t\t\t\t\t<h3 class=\"elementor-heading-title elementor-size-default\">Education and experiences:<\/h3>\t\t\t\t<\/div>\n\t\t\t\t<\/div>\n\t\t\t\t<div class=\"elementor-element elementor-element-b1e54be elementor-widget elementor-widget-text-editor\" data-id=\"b1e54be\" data-element_type=\"widget\" data-widget_type=\"text-editor.default\">\n\t\t\t\t<div class=\"elementor-widget-container\">\n\t\t\t\t\t\t\t\t\t<ul><li class=\"translation-block\">Certified Personal Trainer, <em>Nordic Academy of Sweden<\/em><\/li><li class=\"translation-block\">Nutrition, <em>Nordic Academy of Sweden<\/em><\/li><li class=\"translation-block\">Training before and after pregnancy, <em>SAFE Education<\/em><\/li><li class=\"translation-block\">Certified Toughest Trainer, <em>Toughest<\/em><\/li><li class=\"translation-block\">Run Coach, <em>RunAcademy<\/em><\/li><li class=\"translation-block\">MSc Automation and Mechatronics, <em>Chalmers Tekniska H\u00f6gskola<\/em><\/li><li class=\"translation-block\">Theory of Training, <em>One Lifetime<\/em><\/li><li>Football instructor<\/li><li>Mental training<\/li><\/ul>\t\t\t\t\t\t\t\t<\/div>\n\t\t\t\t<\/div>\n\t\t\t\t\t<\/div>\n\t\t<\/div>\n\t\t\t\t<div class=\"elementor-column elementor-col-50 elementor-inner-column elementor-element elementor-element-a535618\" data-id=\"a535618\" data-element_type=\"column\">\n\t\t\t<div class=\"elementor-widget-wrap elementor-element-populated\">\n\t\t\t\t\t\t<div class=\"elementor-element elementor-element-b08175b elementor-widget elementor-widget-image\" data-id=\"b08175b\" data-element_type=\"widget\" data-widget_type=\"image.default\">\n\t\t\t\t<div class=\"elementor-widget-container\">\n\t\t\t\t\t\t\t\t\t\t\t\t\t\t\t<img fetchpriority=\"high\" decoding=\"async\" width=\"800\" height=\"800\" src=\"https:\/\/zivo.se\/wp-content\/uploads\/2022\/01\/nakisa-3.jpg\" class=\"attachment-large size-large wp-image-2579\" alt=\"Nakisa\" srcset=\"https:\/\/zivo.se\/wp-content\/uploads\/2022\/01\/nakisa-3.jpg.webp 884w, https:\/\/zivo.se\/wp-content\/uploads\/2022\/01\/nakisa-3-300x300.jpg.webp 300w, https:\/\/zivo.se\/wp-content\/uploads\/2022\/01\/nakisa-3-150x150.jpg.webp 150w, https:\/\/zivo.se\/wp-content\/uploads\/2022\/01\/nakisa-3-768x768.jpg.webp 768w, https:\/\/zivo.se\/wp-content\/uploads\/2022\/01\/nakisa-3-12x12.jpg.webp 12w, https:\/\/zivo.se\/wp-content\/uploads\/2022\/01\/nakisa-3-600x600.jpg.webp 600w, https:\/\/zivo.se\/wp-content\/uploads\/2022\/01\/nakisa-3-100x100.jpg.webp 100w\" sizes=\"(max-width: 800px) 100vw, 800px\" \/>\t\t\t\t\t\t\t\t\t\t\t\t\t\t\t<\/div>\n\t\t\t\t<\/div>\n\t\t\t\t<div class=\"elementor-element elementor-element-42d52bf elementor-widget elementor-widget-heading\" data-id=\"42d52bf\" data-element_type=\"widget\" data-widget_type=\"heading.default\">\n\t\t\t\t<div class=\"elementor-widget-container\">\n\t\t\t\t\t<h4 class=\"elementor-heading-title elementor-size-default\">Contact information:<\/h4>\t\t\t\t<\/div>\n\t\t\t\t<\/div>\n\t\t\t\t<div class=\"elementor-element elementor-element-07db0a4 elementor-widget-mobile__width-auto elementor-widget elementor-widget-text-editor\" data-id=\"07db0a4\" data-element_type=\"widget\" data-widget_type=\"text-editor.default\">\n\t\t\t\t<div class=\"elementor-widget-container\">\n\t\t\t\t\t\t\t\t\t<p><strong>E-mail<\/strong> <a href=\"mailto:nakisa.gordani@zivo.se\">nakisa.gordani@zivo.se<\/a><br \/><strong>Phone<\/strong> <a href=\"tel:+460704-76 35 36\">+46 (0) 704-76 35 36<\/a><\/p>\t\t\t\t\t\t\t\t<\/div>\n\t\t\t\t<\/div>\n\t\t\t\t\t<\/div>\n\t\t<\/div>\n\t\t\t\t\t<\/div>\n\t\t<\/section>\n\t\t\t\t\t<\/div>\n\t\t<\/div>\n\t\t\t\t\t<\/div>\n\t\t<\/section>\n\t\t\t\t<\/div>","protected":false},"excerpt":{"rendered":"<p>Coach Nakisa Gordani Jag har jobbat som personlig tr\u00e4nare och kostr\u00e5dgivare sedan 2015 och har \u00f6ver 15 \u00e5rs erfarenhet inom tr\u00e4ning och skadehantering. Jag har tidigare jobbat p\u00e5 Nordic Wellness, Fysiken och RunAcademy som personlig tr\u00e4nare, kostr\u00e5dgivare och instrukt\u00f6r. Med en bakgrund som civilingenj\u00f6r \u00e4r det extra viktigt att all tr\u00e4ning och information \u00e4r baserad [&hellip;]<\/p>","protected":false},"author":1,"featured_media":0,"parent":0,"menu_order":0,"comment_status":"closed","ping_status":"closed","template":"","meta":{"_acf_changed":false,"footnotes":""},"class_list":["post-317","page","type-page","status-publish","hentry"],"acf":[],"yoast_head":"<!-- This site is optimized with the Yoast SEO plugin v26.8 - https:\/\/yoast.com\/product\/yoast-seo-wordpress\/ -->\n<title>coach - Zivo<\/title>\n<meta name=\"robots\" content=\"index, follow, max-snippet:-1, max-image-preview:large, max-video-preview:-1\" \/>\n<link rel=\"canonical\" href=\"https:\/\/zivo.se\/en\/coach\/\" \/>\n<meta property=\"og:locale\" content=\"en_GB\" \/>\n<meta property=\"og:type\" content=\"article\" \/>\n<meta property=\"og:title\" content=\"coach - Zivo\" \/>\n<meta property=\"og:description\" content=\"Coach Nakisa Gordani Jag har jobbat som personlig tr\u00e4nare och kostr\u00e5dgivare sedan 2015 och har \u00f6ver 15 \u00e5rs erfarenhet inom tr\u00e4ning och skadehantering. Jag har tidigare jobbat p\u00e5 Nordic Wellness, Fysiken och RunAcademy som personlig tr\u00e4nare, kostr\u00e5dgivare och instrukt\u00f6r. Med en bakgrund som civilingenj\u00f6r \u00e4r det extra viktigt att all tr\u00e4ning och information \u00e4r baserad [&hellip;]\" \/>\n<meta property=\"og:url\" content=\"https:\/\/zivo.se\/en\/coach\/\" \/>\n<meta property=\"og:site_name\" content=\"Zivo\" \/>\n<meta property=\"article:modified_time\" content=\"2022-03-04T12:06:15+00:00\" \/>\n<meta property=\"og:image\" content=\"https:\/\/zivo.se\/wp-content\/uploads\/2022\/01\/nakisa-3.jpg\" \/>\n\t<meta property=\"og:image:width\" content=\"884\" \/>\n\t<meta property=\"og:image:height\" content=\"884\" \/>\n\t<meta property=\"og:image:type\" content=\"image\/jpeg\" \/>\n<meta name=\"twitter:card\" content=\"summary_large_image\" \/>\n<meta name=\"twitter:label1\" content=\"Estimated reading time\" \/>\n\t<meta name=\"twitter:data1\" content=\"1 minute\" \/>\n<script type=\"application\/ld+json\" class=\"yoast-schema-graph\">{\"@context\":\"https:\/\/schema.org\",\"@graph\":[{\"@type\":\"WebPage\",\"@id\":\"https:\/\/zivo.se\/coach\/\",\"url\":\"https:\/\/zivo.se\/coach\/\",\"name\":\"coach - Zivo\",\"isPartOf\":{\"@id\":\"https:\/\/zivo.se\/#website\"},\"primaryImageOfPage\":{\"@id\":\"https:\/\/zivo.se\/coach\/#primaryimage\"},\"image\":{\"@id\":\"https:\/\/zivo.se\/coach\/#primaryimage\"},\"thumbnailUrl\":\"https:\/\/zivo.se\/wp-content\/uploads\/2022\/01\/nakisa-3.jpg\",\"datePublished\":\"2021-11-01T08:06:28+00:00\",\"dateModified\":\"2022-03-04T12:06:15+00:00\",\"breadcrumb\":{\"@id\":\"https:\/\/zivo.se\/coach\/#breadcrumb\"},\"inLanguage\":\"en-GB\",\"potentialAction\":[{\"@type\":\"ReadAction\",\"target\":[\"https:\/\/zivo.se\/coach\/\"]}]},{\"@type\":\"ImageObject\",\"inLanguage\":\"en-GB\",\"@id\":\"https:\/\/zivo.se\/coach\/#primaryimage\",\"url\":\"https:\/\/zivo.se\/wp-content\/uploads\/2022\/01\/nakisa-3.jpg\",\"contentUrl\":\"https:\/\/zivo.se\/wp-content\/uploads\/2022\/01\/nakisa-3.jpg\"},{\"@type\":\"BreadcrumbList\",\"@id\":\"https:\/\/zivo.se\/coach\/#breadcrumb\",\"itemListElement\":[{\"@type\":\"ListItem\",\"position\":1,\"name\":\"Hem\",\"item\":\"https:\/\/zivo.se\/\"},{\"@type\":\"ListItem\",\"position\":2,\"name\":\"coach\"}]},{\"@type\":\"WebSite\",\"@id\":\"https:\/\/zivo.se\/#website\",\"url\":\"https:\/\/zivo.se\/\",\"name\":\"Zivo\",\"description\":\"Personlig tr\u00e4ning och kostr\u00e5dgivning\",\"potentialAction\":[{\"@type\":\"SearchAction\",\"target\":{\"@type\":\"EntryPoint\",\"urlTemplate\":\"https:\/\/zivo.se\/?s={search_term_string}\"},\"query-input\":{\"@type\":\"PropertyValueSpecification\",\"valueRequired\":true,\"valueName\":\"search_term_string\"}}],\"inLanguage\":\"en-GB\"}]}<\/script>\n<!-- \/ Yoast SEO plugin. -->","yoast_head_json":{"title":"coach - Zivo","robots":{"index":"index","follow":"follow","max-snippet":"max-snippet:-1","max-image-preview":"max-image-preview:large","max-video-preview":"max-video-preview:-1"},"canonical":"https:\/\/zivo.se\/en\/coach\/","og_locale":"en_GB","og_type":"article","og_title":"coach - Zivo","og_description":"Coach Nakisa Gordani Jag har jobbat som personlig tr\u00e4nare och kostr\u00e5dgivare sedan 2015 och har \u00f6ver 15 \u00e5rs erfarenhet inom tr\u00e4ning och skadehantering. Jag har tidigare jobbat p\u00e5 Nordic Wellness, Fysiken och RunAcademy som personlig tr\u00e4nare, kostr\u00e5dgivare och instrukt\u00f6r. Med en bakgrund som civilingenj\u00f6r \u00e4r det extra viktigt att all tr\u00e4ning och information \u00e4r baserad [&hellip;]","og_url":"https:\/\/zivo.se\/en\/coach\/","og_site_name":"Zivo","article_modified_time":"2022-03-04T12:06:15+00:00","og_image":[{"width":884,"height":884,"url":"https:\/\/zivo.se\/wp-content\/uploads\/2022\/01\/nakisa-3.jpg","type":"image\/jpeg"}],"twitter_card":"summary_large_image","twitter_misc":{"Estimated reading time":"1 minute"},"schema":{"@context":"https:\/\/schema.org","@graph":[{"@type":"WebPage","@id":"https:\/\/zivo.se\/coach\/","url":"https:\/\/zivo.se\/coach\/","name":"coach - Zivo","isPartOf":{"@id":"https:\/\/zivo.se\/#website"},"primaryImageOfPage":{"@id":"https:\/\/zivo.se\/coach\/#primaryimage"},"image":{"@id":"https:\/\/zivo.se\/coach\/#primaryimage"},"thumbnailUrl":"https:\/\/zivo.se\/wp-content\/uploads\/2022\/01\/nakisa-3.jpg","datePublished":"2021-11-01T08:06:28+00:00","dateModified":"2022-03-04T12:06:15+00:00","breadcrumb":{"@id":"https:\/\/zivo.se\/coach\/#breadcrumb"},"inLanguage":"en-GB","potentialAction":[{"@type":"ReadAction","target":["https:\/\/zivo.se\/coach\/"]}]},{"@type":"ImageObject","inLanguage":"en-GB","@id":"https:\/\/zivo.se\/coach\/#primaryimage","url":"https:\/\/zivo.se\/wp-content\/uploads\/2022\/01\/nakisa-3.jpg","contentUrl":"https:\/\/zivo.se\/wp-content\/uploads\/2022\/01\/nakisa-3.jpg"},{"@type":"BreadcrumbList","@id":"https:\/\/zivo.se\/coach\/#breadcrumb","itemListElement":[{"@type":"ListItem","position":1,"name":"Hem","item":"https:\/\/zivo.se\/"},{"@type":"ListItem","position":2,"name":"coach"}]},{"@type":"WebSite","@id":"https:\/\/zivo.se\/#website","url":"https:\/\/zivo.se\/","name":"Zivo","description":"Personlig tr\u00e4ning och kostr\u00e5dgivning","potentialAction":[{"@type":"SearchAction","target":{"@type":"EntryPoint","urlTemplate":"https:\/\/zivo.se\/?s={search_term_string}"},"query-input":{"@type":"PropertyValueSpecification","valueRequired":true,"valueName":"search_term_string"}}],"inLanguage":"en-GB"}]}},"_links":{"self":[{"href":"https:\/\/zivo.se\/en\/wp-json\/wp\/v2\/pages\/317","targetHints":{"allow":["GET"]}}],"collection":[{"href":"https:\/\/zivo.se\/en\/wp-json\/wp\/v2\/pages"}],"about":[{"href":"https:\/\/zivo.se\/en\/wp-json\/wp\/v2\/types\/page"}],"author":[{"embeddable":true,"href":"https:\/\/zivo.se\/en\/wp-json\/wp\/v2\/users\/1"}],"replies":[{"embeddable":true,"href":"https:\/\/zivo.se\/en\/wp-json\/wp\/v2\/comments?post=317"}],"version-history":[{"count":149,"href":"https:\/\/zivo.se\/en\/wp-json\/wp\/v2\/pages\/317\/revisions"}],"predecessor-version":[{"id":4197,"href":"https:\/\/zivo.se\/en\/wp-json\/wp\/v2\/pages\/317\/revisions\/4197"}],"wp:attachment":[{"href":"https:\/\/zivo.se\/en\/wp-json\/wp\/v2\/media?parent=317"}],"curies":[{"name":"wp","href":"https:\/\/api.w.org\/{rel}","templated":true}]}}